{"id":3491,"date":"2021-04-19T10:55:23","date_gmt":"2021-04-19T10:55:23","guid":{"rendered":"https:\/\/instajuridic.com\/aviso-legal\/"},"modified":"2024-04-21T16:07:51","modified_gmt":"2024-04-21T16:07:51","slug":"aviso-legal","status":"publish","type":"page","link":"https:\/\/instajuridic.com\/es\/aviso-legal\/","title":{"rendered":"Aviso legal"},"content":{"rendered":"<div class=\"fusion-fullwidth fullwidth-box fusion-builder-row-1 fusion-flex-container nonhundred-percent-fullwidth non-hundred-percent-height-scrolling\" style=\"--awb-border-radius-top-left:0px;--awb-border-radius-top-right:0px;--awb-border-radius-bottom-right:0px;--awb-border-radius-bottom-left:0px;--awb-flex-wrap:wrap;\" ><div class=\"fusion-builder-row fusion-row fusion-flex-align-items-flex-start fusion-flex-content-wrap\" style=\"max-width:1216.8px;margin-left: calc(-4% \/ 2 );margin-right: calc(-4% \/ 2 );\"><div class=\"fusion-layout-column fusion_builder_column fusion-builder-column-0 fusion_builder_column_1_1 1_1 fusion-flex-column\" style=\"--awb-bg-size:cover;--awb-width-large:100%;--awb-margin-top-large:0px;--awb-spacing-right-large:1.92%;--awb-margin-bottom-large:0px;--awb-spacing-left-large:1.92%;--awb-width-medium:100%;--awb-spacing-right-medium:1.92%;--awb-spacing-left-medium:1.92%;--awb-width-small:100%;--awb-spacing-right-small:1.92%;--awb-spacing-left-small:1.92%;\"><div class=\"fusion-column-wrapper fusion-flex-justify-content-flex-start fusion-content-layout-column\"><div class=\"fusion-text fusion-text-1\"><p><strong>DADES IDENTIFICATIVES<\/strong><\/p>\n<p>En compliment de l&#8217;obligaci\u00f3 d&#8217;informaci\u00f3 recollida a l&#8217;article 10 de la <strong>Llei 34\/2002, de 11 de juliol, de Serveis de la Societat de la Informaci\u00f3 i del Comer\u00e7 electr\u00f2nic<\/strong>, s&#8217;informa de manera expressa, precisa i inequ\u00edvoca, tant als destinataris del servei com als \u00f2rgans competents, dels seg\u00fcents aspectes relatius al prestador de serveis de la societat de la informaci\u00f3:<\/p>\n<p>Titular de <a href=\"http:\/\/www.instajuridic.com\"><strong>www.instajuridic.com<\/strong><\/a>: <strong>INSTA SERVEIS JUR\u00cdDICS AMBIENTALS, SCCLP<\/strong>, amb NIF F55567093 i domicili a C\/ Masricart, 6A, baixos, 43.110, La Canonja (Tarragona).<\/p>\n<p><strong>USUARIS<\/strong><\/p>\n<p><strong>\u00a0<\/strong>L&#8217;acc\u00e9s i\/o \u00fas de <a href=\"http:\/\/www.instajuridic.com\">www.instajuridic.com<\/a> li atorga la condici\u00f3 d&#8217;Usuari\/\u00e0ria, que accepta, des de dit acc\u00e9s i\/o \u00fas, les Condicions Generals d&#8217;\u00fas aqu\u00ed reflectides. Les esmentades condicions seran d&#8217;aplicaci\u00f3 independentment de les Condicions Generals de Contractaci\u00f3 que, si s&#8217;escau, resultin d&#8217;obligat compliment.<\/p>\n<p><strong>\u00a0<\/strong><strong>\u00daS DEL PORTAL<\/strong><\/p>\n<p><strong>\u00a0<\/strong><a href=\"http:\/\/www.instajuridic.com\">www.instajuridic.com<\/a> proporciona l&#8217;acc\u00e9s a una gran quantitat d&#8217;informaci\u00f3, serveis, programes o dades (d&#8217;ara endavant, \u00abels continguts\u00bb) a Internet pertanyents a INSTA SERVEIS JUR\u00cdDICS AMBIENTALS, SCCLP als quals l&#8217;Usuari pot accedir. L&#8217;Usuari assumeix la responsabilitat de l&#8217;\u00fas del portal. Aquesta responsabilitat s&#8217;est\u00e9n al registre que fos necessari per accedir a determinats serveis o continguts.<\/p>\n<p>En aquest registre, l&#8217;Usuari ser\u00e0 responsable de proporcionar informaci\u00f3 vera\u00e7 i legal. Com a consequ\u0308\u00e8ncia d&#8217;aquest registre, a l&#8217;Usuari se li pot proporcionar una contrasenya de la qual ser\u00e0 responsable, comprometent-se a fer-ne un \u00fas diligent i confidencial. L&#8217;Usuari es compromet a fer un \u00fas adequat dels continguts i serveis que INSTA SERVEIS JUR\u00cdDICS AMBIENTALS, SCCLP ofereix a trav\u00e9s del seu lloc web, comprometent-se a no utilitzar-los per a activitats que puguin ser il\u00b7l\u00edcites, contr\u00e0ries a l&#8217;ordre p\u00fablic, a la defensa nacional o a la salut p\u00fablica.<\/p>\n<p>En tot cas, INSTA SERVEIS JUR\u00cdDICS AMBIENTALS, SCCLP es reserva el dret de modificar unilateralment, en qualsevol moment i sense necessitat de previ av\u00eds, l&#8217;estructura i disseny del lloc web: modificar o eliminar serveis o continguts, aix\u00ed com les condicions d&#8217;acc\u00e9s i\/o \u00fas del lloc web.<\/p>\n<p><strong>DRETS DE PROPIETAT INTEL\u00b7LECTUAL I INDUSTRIAL<\/strong><\/p>\n<p>INSTA SERVEIS JUR\u00cdDICS AMBIENTALS, SCCLP per si mateixa o com a cession\u00e0ria, \u00e9s titular de tots els drets de propietat intel\u00b7lectual i industrial de la seva p\u00e0gina web, aix\u00ed com dels elements continguts en la mateixa (a t\u00edtol enunciatiu, imatges, so, \u00e0udio, v\u00eddeo, programari o textos; marques o logotips, combinacions de colors, estructura i disseny&#8230;); quedant expressament prohibides la seva reproducci\u00f3, distribuci\u00f3 i comunicaci\u00f3 p\u00fablica, inclosa la modalitat de posada a disposici\u00f3 de la totalitat o part dels continguts d&#8217;aquesta p\u00e0gina web, en qualsevol suport i per qualsevol mitj\u00e0 t\u00e8cnic, sense l&#8217;autoritzaci\u00f3 d&#8217;INSTA SERVEIS JUR\u00cdDICS AMBIENTALS, SCCLP.<\/p>\n<p>L&#8217;Usuari es compromet a respectar els drets de Propietat Intel\u00b7lectual i Industrial titularitat d&#8217;INSTA SERVEIS JUR\u00cdDICS AMBIENTALS, SCCLP. L&#8217;Usuari haur\u00e0 d&#8217;abstenir-se de suprimir, alterar, eludir o manipular qualsevol dispositiu de protecci\u00f3 o sistema de seguretat que estigu\u00e9s instal\u00b7lat a la p\u00e0gina web.<\/p>\n<p><strong>EXCLUSI\u00d3 DE RESPONSABILITAT<\/strong><\/p>\n<p>En aquest lloc web es poden publicar continguts aportats per tercers o empreses. INSTA SERVEIS JUR\u00cdDICS AMBIENTALS, SCCLP no respon de la veracitat i exactitud d&#8217;aquests, quedant exempta de qualsevol responsabilitat contractual o extracontractual amb els Usuaris que en facin \u00fas.<\/p>\n<p>A m\u00e9s a m\u00e9s, INSTA SERVEIS JUR\u00cdDICS AMBIENTALS, SCCLP declara que ha adoptat totes les mesures necess\u00e0ries, dins de les seves possibilitats i de l&#8217;estat de la tecnologia, per garantir el funcionament del lloc web i evitar l&#8217;exist\u00e8ncia i transmissi\u00f3 de virus i altres components perjudicials. No obstant aix\u00f2, INSTA SERVEIS JUR\u00cdDICS AMBIENTALS, SCCLP no garanteix ni es fa responsable de:<\/p>\n<ol>\n<li>La continuitat, falta d&#8217;utilitat o rendiment dels continguts i\/o serveis del lloc web, aix\u00ed com l&#8217;abs\u00e8ncia d&#8217;errors, virus i\/o altres components perjudicials en els mateixos o en el servidor que els subministra;<\/li>\n<li>La invulnerabilitat del lloc web i\/o de les mesures de seguretat que s&#8217;adoptin en el mateix;<\/li>\n<li>Els danys o perjudicis que pugui causar, a si mateix o a un tercer, qualsevol persona que infringeixi les condicions, normes i instruccions que INSTA SERVEIS JUR\u00cdDICS AMBIENTALS, SCCLP estableix al lloc web o a trav\u00e9s de la vulneraci\u00f3 dels sistemes de seguretat del lloc web.<\/li>\n<\/ol>\n<p>Si l&#8217;Usuari t\u00e9 coneixement de l&#8217;exist\u00e8ncia de qualsevol contingut il\u00b7l\u00edcit, il\u00b7legal, contrari a les lleis o a la moral o que pugui suposar una infracci\u00f3 de drets de propietat intel\u00b7lectual i\/o industrial, o de qualsevol altre dret de tercers, haur\u00e0 de notificar-ho immediatament a INSTA SERVEIS JUR\u00cdDICS AMBIENTALS, SCCLP, perqu\u00e8 pugui prendre les mesures oportunes.<\/p>\n<p><strong>ENLLA\u00c7OS<\/strong><strong>\u00a0<\/strong><\/p>\n<p>En el cas que en <a href=\"http:\/\/www.instajuridic.com\">www.instajuridic.com<\/a> es disposessin enlla\u00e7os o hipervincles cap a altres llocs web, INSTA SERVEIS JUR\u00cdDICS AMBIENTALS, SCCLP no exercir\u00e0 cap tipus de control sobre aquests llocs i continguts. En cap circumst\u00e0ncia, INSTA SERVEIS JUR\u00cdDICS AMBIENTALS, SCCLP assumir\u00e0 responsabilitat alguna pels continguts d&#8217;algun enlla\u00e7 pertanyent a un lloc web ali\u00e8, ni garantir\u00e0 la disponibilitat t\u00e8cnica, qualitat, fiabilitat, exactitud, amplitud, veracitat, validesa i constitucionalitat de qualsevol material o informaci\u00f3 continguda en cap d&#8217;aquests hipervincles o altres llocs web. Igualment, la inclusi\u00f3 d&#8217;aquestes connexions externes no implicar\u00e0 cap tipus d&#8217;associaci\u00f3, fusi\u00f3 o participaci\u00f3 amb les entitats connectades.<\/p>\n<p><strong>PROTECCI\u00d3 DE DADES DE CAR\u00c0CTER PERSONAL<\/strong><\/p>\n<p>INSTA SERVEIS JUR\u00cdDICS AMBIENTALS, SCCLP compleix \u00edntegrament amb la legislaci\u00f3 vigent en mat\u00e8ria de protecci\u00f3 de dades de car\u00e0cter personal, i amb els compromisos de confidencialitat propis de la seva activitat; en concret, amb el <strong>Reglament General (UE) 2016\/679 de Protecci\u00f3 de Dades<\/strong> i la <strong>Llei Org\u00e0nica 3\/2018, de 5 de desembre, de Protecci\u00f3 de Dades Personals i garantia dels Drets Digitals<\/strong>.<\/p>\n<p>INSTA SERVEIS JUR\u00cdDICS AMBIENTALS, SCCLP comunica a l&#8217;Usuari que les dades facilitades de forma volunt\u00e0ria i expressa en la present Web a trav\u00e9s dels diferents mitjans de comunicaci\u00f3 seran incorporades a les Activitats de Tractament d&#8217;INSTA SERVEIS JUR\u00cdDICS AMBIENTALS, SCCLP, amb la finalitat de poder prestar-li els serveis sol\u00b7licitats i mantenir-lo informat sobre l&#8217;activitat de l&#8217;empresa.<\/p>\n<p><a href=\"http:\/\/www.instajuridic.com\">www.instajuridic.com<\/a> ha adoptat les mesures t\u00e8cniques necess\u00e0ries per mantenir un nivell de seguretat adequat, a fi de protegir les dades personals tractades i evitar, en la mesura del possible, i sempre segons l&#8217;estat de la t\u00e8cnica, la seva alteraci\u00f3, p\u00e8rdua, tractament o acc\u00e9s no autoritzat.<\/p>\n<p>Podeu obtenir informaci\u00f3 sobre el tractament de dades de car\u00e0cter personal que realitzem en aquest lloc web, a trav\u00e9s de la nostra Pol\u00edtica de Privacitat.<\/p>\n<p><strong>POL\u00cdTICA DE COOKIES<\/strong><strong>\u00a0<\/strong><\/p>\n<p><a href=\"http:\/\/www.instajuridic.com\">www.instajuridic.com<\/a> podr\u00e0 utilitzar <em>cookies<\/em> pel correcte funcionament d&#8217;aquest Lloc Web. Podeu consultar com utilitzem les <em>cookies<\/em> a trav\u00e9s de la nostra Pol\u00edtica de Cookies.<\/p>\n<p><strong>GENERALITATS<\/strong><strong>\u00a0<\/strong><\/p>\n<p>INSTA SERVEIS JUR\u00cdDICS AMBIENTALS, SCCLP perseguir\u00e0 l&#8217;incompliment de les presents condicions, aix\u00ed com qualsevol \u00fas indegut del seu portal exercint totes les accions civils i penals que li puguin correspondre en dret. En cas que INSTA SERVEIS JUR\u00cdDICS AMBIENTALS, SCCLP no exercisqui qualsevol dret o disposici\u00f3 continguda en aquest Av\u00eds legal, aix\u00f2 no constituir\u00e0 una ren\u00fancia al mateix.<\/p>\n<p>Si algun punt d&#8217;aquest Av\u00eds legal \u00e9s considerat nul o inaplicable per l&#8217;Administraci\u00f3 P\u00fablica o Administraci\u00f3 de Just\u00edcia, aquesta nul\u00b7litat o inaplicaci\u00f3 no afectar\u00e0 la resta de continguts de l&#8217;Av\u00eds legal.<\/p>\n<p><strong>MODIFICACI\u00d3 DE LES PRESENTS CONDICIONS I DURADA<\/strong><strong>\u00a0<\/strong><\/p>\n<p>INSTA SERVEIS JUR\u00cdDICS AMBIENTALS, SCCLP podr\u00e0 modificar en qualsevol moment aquest Av\u00eds legal publicant el seu contingut. Per tant, el mateix estar\u00e0 vigent fins que sigui modificat per un altre degudament publicat.<\/p>\n<p>Aquest Av\u00eds legal ha estat revisat i publicat a data de 22 de setembre de 2023.<\/p>\n<p><strong>JURISDICCI\u00d3 I LLEI APLICABLE<\/strong><strong>\u00a0<\/strong><\/p>\n<p>La relaci\u00f3 entre INSTA SERVEIS JUR\u00cdDICS AMBIENTALS, SCCLP i l&#8217;USUARI es regir\u00e0 per la normativa vigent i qualsevol controv\u00e8rsia es sotmetr\u00e0 als Jutjats i Tribunals de Tarragona.<\/p>\n<p><strong>CONTACTE AMB INSTA SERVEIS JUR\u00cdDICS AMBIENTALS, SCCLP<\/strong><\/p>\n<p>Si t\u00e9 qualsevol pregunta sobre les condicions reflectides en aquest Av\u00eds legal, o si desitja fer qualsevol suggeriment o recomanaci\u00f3, si us plau, contacti amb nosaltres a trav\u00e9s del correu electr\u00f2nic: <a href=\"mailto:info@instajuridic.com\">info@instajuridic.com<\/a><\/p>\n<p>Tamb\u00e9 pot contactar amb el Delegat de Protecci\u00f3 de Dades d&#8217;INSTA SERVEIS JUR\u00cdDICS AMBIENTALS, SCCLP al correu electr\u00f2nic <a href=\"mailto:dpo@instajuridic.com\">dpo@instajuridic.com<\/a><\/p>\n<\/div><\/div><\/div><\/div><\/div>\n","protected":false},"excerpt":{"rendered":"","protected":false},"author":1,"featured_media":0,"parent":0,"menu_order":0,"comment_status":"closed","ping_status":"open","template":"100-width.php","meta":{"_acf_changed":false,"footnotes":""},"class_list":["post-3491","page","type-page","status-publish","hentry"],"acf":[],"_links":{"self":[{"href":"https:\/\/instajuridic.com\/es\/wp-json\/wp\/v2\/pages\/3491","targetHints":{"allow":["GET"]}}],"collection":[{"href":"https:\/\/instajuridic.com\/es\/wp-json\/wp\/v2\/pages"}],"about":[{"href":"https:\/\/instajuridic.com\/es\/wp-json\/wp\/v2\/types\/page"}],"author":[{"embeddable":true,"href":"https:\/\/instajuridic.com\/es\/wp-json\/wp\/v2\/users\/1"}],"replies":[{"embeddable":true,"href":"https:\/\/instajuridic.com\/es\/wp-json\/wp\/v2\/comments?post=3491"}],"version-history":[{"count":6,"href":"https:\/\/instajuridic.com\/es\/wp-json\/wp\/v2\/pages\/3491\/revisions"}],"predecessor-version":[{"id":5866,"href":"https:\/\/instajuridic.com\/es\/wp-json\/wp\/v2\/pages\/3491\/revisions\/5866"}],"wp:attachment":[{"href":"https:\/\/instajuridic.com\/es\/wp-json\/wp\/v2\/media?parent=3491"}],"curies":[{"name":"wp","href":"https:\/\/api.w.org\/{rel}","templated":true}]}}