{"id":3499,"date":"2021-04-19T10:57:17","date_gmt":"2021-04-19T10:57:17","guid":{"rendered":"https:\/\/instajuridic.com\/politica-de-cookies\/"},"modified":"2024-04-21T16:08:21","modified_gmt":"2024-04-21T16:08:21","slug":"politica-de-cookies","status":"publish","type":"page","link":"https:\/\/instajuridic.com\/es\/politica-de-cookies\/","title":{"rendered":"Pol\u00edtica de cookies"},"content":{"rendered":"<div class=\"fusion-fullwidth fullwidth-box fusion-builder-row-1 fusion-flex-container nonhundred-percent-fullwidth non-hundred-percent-height-scrolling\" style=\"--awb-border-radius-top-left:0px;--awb-border-radius-top-right:0px;--awb-border-radius-bottom-right:0px;--awb-border-radius-bottom-left:0px;--awb-flex-wrap:wrap;\" ><div class=\"fusion-builder-row fusion-row fusion-flex-align-items-flex-start fusion-flex-content-wrap\" style=\"max-width:1216.8px;margin-left: calc(-4% \/ 2 );margin-right: calc(-4% \/ 2 );\"><div class=\"fusion-layout-column fusion_builder_column fusion-builder-column-0 fusion_builder_column_1_1 1_1 fusion-flex-column\" style=\"--awb-bg-size:cover;--awb-width-large:100%;--awb-margin-top-large:0px;--awb-spacing-right-large:1.92%;--awb-margin-bottom-large:0px;--awb-spacing-left-large:1.92%;--awb-width-medium:100%;--awb-spacing-right-medium:1.92%;--awb-spacing-left-medium:1.92%;--awb-width-small:100%;--awb-spacing-right-small:1.92%;--awb-spacing-left-small:1.92%;\"><div class=\"fusion-column-wrapper fusion-flex-justify-content-flex-start fusion-content-layout-column\"><div class=\"fusion-text fusion-text-1\"><p><strong>INSTA SERVEIS JUR\u00cdDICS AMBIENTALS, SCCLP <\/strong>establir\u00e0 mecanismes adequats per obtenir el consentiment de l&#8217;Usuari per a la instal\u00b7laci\u00f3 de les <em>cookies<\/em> que ho requereixin.<\/p>\n<p>Pot oc\u00f3rrer que algunes <em>cookies<\/em> utilitzades en aquest lloc web no estiguin relacionades amb INSTA SERVEIS JUR\u00cdDICS AMBIENTALS, SCCLP. Aix\u00f2 es deu al fet que algunes p\u00e0gines del lloc Web tenen inserit contingut procedent de webs de tercers (com ara un v\u00eddeo de YouTube).<\/p>\n<p>A causa que el referit contingut procedeix d&#8217;una altra web, INSTA SERVEIS JUR\u00cdDICS AMBIENTALS, SCCLP no controla la configuraci\u00f3 d&#8217;aquestes <em>cookies<\/em>. Si vost\u00e8 vol canviar les seves prefer\u00e8ncies de configuraci\u00f3 de les <em>cookies<\/em>, haur\u00e0 de consultar els llocs Web d&#8217;aquestes terceres parts per obtenir informaci\u00f3.<\/p>\n<p><strong>QU\u00c8 S\u00d3N LES <em>COOKIES<\/em>?<\/strong><\/p>\n<p>Les <em>cookies<\/em> s\u00f3n fitxers que els llocs web o les aplicacions instal\u00b7len al navegador o en el dispositiu (smartphone, tauleta o televisi\u00f3 connectada) de l&#8217;Usuari durant el seu recorregut per les p\u00e0gines del lloc o per l&#8217;aplicaci\u00f3, i serveixen per emmagatzemar informaci\u00f3 sobre la seva visita.<\/p>\n<p><strong>TIPUS DE <em>COOKIES<\/em><\/strong><\/p>\n<p>Les <em>cookies<\/em>, en funci\u00f3 de la seva perman\u00e8ncia, es poden dividir en <em>cookies<\/em> de <strong>sessi\u00f3<\/strong> o <strong>permanents<\/strong>. Les primeres expiren quan l&#8217;usuari tanca el navegador. Les segones expiren quan es compleix l&#8217;objectiu per al qual serveixen (per exemple, perqu\u00e8 l&#8217;usuari es mantingui identificat al lloc web), o b\u00e9 quan es borren manualment.<\/p>\n<p>Addicionalment, en funci\u00f3 del seu objectiu, les cookies es poden classificar de la seg\u00fcent manera:<\/p>\n<ul>\n<li><strong>Estrictament necess\u00e0ries (t\u00e8cniques)<\/strong>: S\u00f3n aquelles imprescindibles per al correcte funcionament de la p\u00e0gina. Normalment es generen quan l&#8217;usuari accedeix al lloc web o inicia sessi\u00f3 en el mateix i s&#8217;utilitzen per identificar-lo en el lloc web amb els seg\u00fcents objectius:\n<ul>\n<li>Mantenir a l&#8217;Usuari identificat de manera que, si abandona el lloc web, el navegador o el dispositiu i en un altre moment torna a accedir a dit lloc web, seguir\u00e0 identificat, facilitant aix\u00ed la seva navegaci\u00f3 sense haver de tornar a identificar-se.<\/li>\n<li>Comprovar si l&#8217;Usuari est\u00e0 autoritzat per accedir a certs serveis o zones del lloc web.<\/li>\n<\/ul>\n<\/li>\n<li><strong>De rendiment<\/strong>: S&#8217;utilitzen per millorar l&#8217;experi\u00e8ncia de navegaci\u00f3 i optimitzar el funcionament del lloc web, com ara, per exemple, emmagatzemar les configuracions de serveis, o emmagatzemar la compra realitzada en un carret de la compra.<\/li>\n<li><strong>Publicit\u00e0ries<\/strong>: S\u00f3n aquelles que recullen informaci\u00f3 sobre els anuncis mostrats als Usuaris del lloc web. Poden ser de dos tipus:\n<ul>\n<li>An\u00f2nimes: Nom\u00e9s recullen informaci\u00f3 sobre els espais publicitaris mostrats al lloc web, independentment de l&#8217;Usuari que accedeix al lloc web, \u00e9s a dir, sense identificar-lo expressament.<\/li>\n<li>Personalitzades: Recullen informaci\u00f3 personal de l&#8217;Usuari del lloc web per part d&#8217;un tercer, per a la personalitzaci\u00f3 d&#8217;aquests espais publicitaris.<\/li>\n<\/ul>\n<\/li>\n<li><strong>De geolocalitzaci\u00f3<\/strong>: Aquestes <em>cookies<\/em> s&#8217;utilitzen per esbrinar en quin pa\u00eds o regi\u00f3 es troba l&#8217;Usuari quan accedeix a un servei del lloc web amb la finalitat d&#8217;oferir-li continguts o serveis adequats a la seva localitzaci\u00f3.<\/li>\n<li><strong>Anal\u00edticas<\/strong>: Recullen informaci\u00f3 sobre l&#8217;experi\u00e8ncia de navegaci\u00f3 de l&#8217;Usuari en el lloc web, normalment de forma an\u00f2nima, tot i que en ocasions tamb\u00e9 permeten identificar de manera \u00fanica i inequ\u00edvoca a l&#8217;Usuari amb la finalitat d&#8217;obtenir informes sobre els interessos dels Usuaris en els serveis que ofereix el lloc web.<\/li>\n<\/ul>\n<p><strong>TIPUS DE COOKIES UTILITZADES PER AQUEST LLOC WEB<\/strong><\/p>\n<p>Les <em>cookies<\/em> que s&#8217;utilitzen al nostre lloc web s\u00f3n de sessi\u00f3 i de tercers, amb l&#8217;objectiu d&#8217;introduir millores i prestar els nostres serveis d&#8217;una manera m\u00e9s eficient i personalitzada. INSTA SERVEIS JUR\u00cdDICS AMBIENTALS, SCCLP no utilitza <em>cookies<\/em> publicit\u00e0ries ni de publicitat comportamental.<\/p>\n<p>L&#8217;\u00fas de les <em>cookies<\/em> ofereix avantatges en la prestaci\u00f3 de serveis, ja que facilita a l&#8217;usuari la navegaci\u00f3 i l&#8217;acc\u00e9s als diferents serveis que ofereix aquest lloc web; evita al Usuari haver de configurar les caracter\u00edstiques generals predefinides cada vegada que accedeix al lloc web; afavoreix la millora del funcionament i dels serveis prestats a trav\u00e9s d&#8217;aquest lloc web, despr\u00e9s de l&#8217;an\u00e0lisi corresponent de la informaci\u00f3 obtinguda a trav\u00e9s de les <em>cookies<\/em> instal\u00b7lades.<\/p>\n<table border=\"1\" width=\"100%\" cellspacing=\"0\" cellpadding=\"15\">\n<tbody>\n<tr>\n<td colspan=\"3\" width=\"576\">\n<p style=\"text-align: center;\"><a href=\"http:\/\/www.instajuridic.com\"><strong>www.instajuridic.com<\/strong><\/a><\/p>\n<\/td>\n<\/tr>\n<tr>\n<td width=\"192\">\n<p><strong>\u00a0<\/strong><strong>NOM DE LA COOKIE<\/strong><\/p>\n<\/td>\n<td width=\"192\">\n<p><strong>\u00a0<\/strong><strong>FINALITAT<\/strong><\/p>\n<\/td>\n<td width=\"192\">\n<p><strong>\u00a0<\/strong><strong>DURACI\u00d3<\/strong><strong>\u00a0<\/strong><\/p>\n<\/td>\n<\/tr>\n<tr>\n<td width=\"192\">\n<p>CookieLawInfoConsent<\/p>\n<\/td>\n<td width=\"192\">\n<p><strong>Pr\u00f2pia. Necess\u00e0ria. <\/strong><em>Cookie<\/em> generada pel <em>plugin<\/em> GDPR \u201cCookie Consent\u201d i que s&#8217;utilitza per emmagatzemar el consentiment de l&#8217;Usuari per a les <em>cookies<\/em> a la categoria \u00abNo Necess\u00e0ries\u00bb.<\/p>\n<\/td>\n<td width=\"192\">\n<p>1 any<\/p>\n<\/td>\n<\/tr>\n<tr>\n<td width=\"192\">\n<p>_ga<\/p>\n<\/td>\n<td width=\"192\">\n<p><strong>Tercers\/Google. <\/strong>Aquesta <em>cookie<\/em> \u00e9s instal\u00b7lada per Google Analytics. S&#8217;utilitza per recollir les dades de visitants, sessions, campanyes i fer un seguiment de l&#8217;\u00fas del lloc per a l&#8217;informe anal\u00edtic. Les <em>cookies<\/em> emmagatzemen informaci\u00f3 de forma an\u00f2nima i assignen un n\u00famero generat aleat\u00f2riament per identificar visitants \u00fanics.<\/p>\n<\/td>\n<td width=\"192\">\n<p>2 anys<\/p>\n<\/td>\n<\/tr>\n<tr>\n<td width=\"192\">\n<p>cookielawinfo-checkbox-necessary<\/p>\n<\/td>\n<td width=\"192\">\n<p><strong>Pr\u00f2pia. Necess\u00e0ria. <\/strong><em>Cookie<\/em> generada pel <em>plugin<\/em> GDPR \u201cCookie Consent\u201d i que s&#8217;utilitza per emmagatzemar el consentiment de l&#8217;Usuari per a les <em>cookies<\/em> a la categoria \u00abNecess\u00e0ries\u00bb.<\/p>\n<\/td>\n<td width=\"192\">\n<p>1 any<\/p>\n<\/td>\n<\/tr>\n<tr>\n<td width=\"192\">\n<p>viewed_cookie_policy<\/p>\n<\/td>\n<td width=\"192\">\n<p><strong>Pr\u00f2pia. Necess\u00e0ria. <\/strong><em>Cookie<\/em> generada pel <em>plugin<\/em> GDPR \u201cCookie Consent\u201d i que emmagatzema l&#8217;estat de consentiment de <em>cookies<\/em> de l&#8217;Usuari.<\/p>\n<\/td>\n<td width=\"192\">\n<p>1 any<\/p>\n<\/td>\n<\/tr>\n<\/tbody>\n<\/table>\n<p>Actualitzaci\u00f3: 22\/09\/2023<\/p>\n<p><strong>COM DESHABILITAR\/ GESTIONAR LES COOKIES?<\/strong><\/p>\n<p>A m\u00e9s de les opcions de configuraci\u00f3 facilitades per <a href=\"http:\/\/www.instajuridic.com\">www.instajuridic.com<\/a>, com a Usuari podr\u00e0 accedir a la configuraci\u00f3 del seu navegador acceptant o rebutjant totes les <em>cookies<\/em>, o b\u00e9 seleccionar aquelles la instal\u00b7laci\u00f3 de les quals admet i quines no; seguint un dels procediments seg\u00fcents, que dep\u00e8n del navegador que utilitzi:<\/p>\n<ul>\n<li><a href=\"https:\/\/support.mozilla.org\/es\/kb\/Borrar%20cookies\">Firefox<\/a><\/li>\n<li><a href=\"https:\/\/support.google.com\/chrome\/answer\/95647?hl=es\">Chrome<\/a><\/li>\n<li><a href=\"https:\/\/support.microsoft.com\/es-es\/microsoft-edge\/eliminar-las-cookies-en-microsoft-edge-63947406-40ac-c3b8-57b9-2a946a29ae09\">Microsoft Edge<\/a><\/li>\n<li><a href=\"https:\/\/support.apple.com\/kb\/ph5042?locale=es_ES\">Safari<\/a> \u00a0<\/li>\n<li><a href=\"https:\/\/help.opera.com\/en\/latest\/web-preferences\/\">Opera<\/a><\/li>\n<\/ul>\n<p>Tots els navegadors permeten canviar la configuraci\u00f3 de les <em>cookies<\/em>. Aquests par\u00e0metres normalment es troben a les \u201copcions\u201d o \u201cPrefer\u00e8ncies\u201d del men\u00fa del navegador.<\/p>\n<p>Si impedeix la instal\u00b7laci\u00f3 de totes les <em>cookies<\/em> del lloc web, algunes funcionalitats de la mateixa, aix\u00ed com alguns continguts, es poden veure afectats.<\/p>\n<p>Per a qualsevol consulta podeu posar-vos en contacte amb nosaltres a la seg\u00fcent adre\u00e7a de correu: <a href=\"mailto:info@instajuridic.com\">info@instajuridic.com<\/a><\/p>\n<\/div><\/div><\/div><\/div><\/div>\n","protected":false},"excerpt":{"rendered":"","protected":false},"author":1,"featured_media":0,"parent":0,"menu_order":0,"comment_status":"closed","ping_status":"open","template":"100-width.php","meta":{"_acf_changed":false,"footnotes":""},"class_list":["post-3499","page","type-page","status-publish","hentry"],"acf":[],"_links":{"self":[{"href":"https:\/\/instajuridic.com\/es\/wp-json\/wp\/v2\/pages\/3499","targetHints":{"allow":["GET"]}}],"collection":[{"href":"https:\/\/instajuridic.com\/es\/wp-json\/wp\/v2\/pages"}],"about":[{"href":"https:\/\/instajuridic.com\/es\/wp-json\/wp\/v2\/types\/page"}],"author":[{"embeddable":true,"href":"https:\/\/instajuridic.com\/es\/wp-json\/wp\/v2\/users\/1"}],"replies":[{"embeddable":true,"href":"https:\/\/instajuridic.com\/es\/wp-json\/wp\/v2\/comments?post=3499"}],"version-history":[{"count":4,"href":"https:\/\/instajuridic.com\/es\/wp-json\/wp\/v2\/pages\/3499\/revisions"}],"predecessor-version":[{"id":5869,"href":"https:\/\/instajuridic.com\/es\/wp-json\/wp\/v2\/pages\/3499\/revisions\/5869"}],"wp:attachment":[{"href":"https:\/\/instajuridic.com\/es\/wp-json\/wp\/v2\/media?parent=3499"}],"curies":[{"name":"wp","href":"https:\/\/api.w.org\/{rel}","templated":true}]}}