{"id":3505,"date":"2021-04-19T10:57:58","date_gmt":"2021-04-19T10:57:58","guid":{"rendered":"https:\/\/instajuridic.com\/politica-de-privacidad\/"},"modified":"2026-03-16T08:22:49","modified_gmt":"2026-03-16T08:22:49","slug":"politica-de-privacidad","status":"publish","type":"page","link":"https:\/\/instajuridic.com\/es\/politica-de-privacidad\/","title":{"rendered":"Pol\u00edtica de privacidad"},"content":{"rendered":"<div class=\"fusion-fullwidth fullwidth-box fusion-builder-row-1 fusion-flex-container nonhundred-percent-fullwidth non-hundred-percent-height-scrolling\" style=\"--awb-border-radius-top-left:0px;--awb-border-radius-top-right:0px;--awb-border-radius-bottom-right:0px;--awb-border-radius-bottom-left:0px;--awb-flex-wrap:wrap;\" ><div class=\"fusion-builder-row fusion-row fusion-flex-align-items-flex-start fusion-flex-content-wrap\" style=\"max-width:1216.8px;margin-left: calc(-4% \/ 2 );margin-right: calc(-4% \/ 2 );\"><div class=\"fusion-layout-column fusion_builder_column fusion-builder-column-0 fusion_builder_column_1_1 1_1 fusion-flex-column\" style=\"--awb-bg-size:cover;--awb-width-large:100%;--awb-margin-top-large:0px;--awb-spacing-right-large:1.92%;--awb-margin-bottom-large:0px;--awb-spacing-left-large:1.92%;--awb-width-medium:100%;--awb-spacing-right-medium:1.92%;--awb-spacing-left-medium:1.92%;--awb-width-small:100%;--awb-spacing-right-small:1.92%;--awb-spacing-left-small:1.92%;\"><div class=\"fusion-column-wrapper fusion-flex-justify-content-flex-start fusion-content-layout-column\"><div class=\"fusion-text fusion-text-1\"><p><strong>INSTA SERVEIS JUR\u00cdDICS AMBIENTALS, SCCLP<\/strong> est\u00e1 comprometida con la protecci\u00f3n y seguridad de los datos de car\u00e1cter personal.<\/p>\n<p>El objetivo de esta pol\u00edtica es informar a los\/as Usuarios\/as acerca de los distintos tratamientos de datos personales realizados por <strong>INSTA SERVEIS JUR\u00cdDICS AMBIENTALS, SCCLP<\/strong> a trav\u00e9s de la p\u00e1gina web <a href=\"http:\/\/www.instajuridic.com\"><strong>www.instajuridic.com<\/strong><\/a>. Todo ello, de conformidad con lo establecido en el <strong>Reglamento General (UE)<\/strong> <strong>2016\/679 de Protecci\u00f3n de Datos, de 27 de abril de 2016<\/strong> y en la <strong>Ley Org\u00e1nica 3\/2018, de 5 de diciembre, de Protecci\u00f3n de Datos Personales y garant\u00eda de los Derechos Digitales<\/strong>.<\/p>\n<table border=\"1\" width=\"100%\" cellspacing=\"5\" cellpadding=\"15\">\n<tbody>\n<tr>\n<td style=\"background-color: darkgreen; color: white;\" colspan=\"2\" width=\"567\"><strong>INFORMACI\u00d3N DE LA POL\u00cdTICA DE PRIVACIDAD<\/strong><\/td>\n<\/tr>\n<tr>\n<td style=\"background-color: black; color: white;\" width=\"142\"><strong>\u00a0<\/strong><strong>Responsable del tratamiento<\/strong><\/td>\n<td width=\"425\"><strong>\u00a0<\/strong><strong>\u00bfQui\u00e9n es el Responsable del tratamiento de sus datos?<\/strong><strong><em>\u00a0<\/em><\/strong><\/p>\n<p><strong>Identidad<\/strong>: INSTA SERVEIS JUR\u00cdDICS AMBIENTALS, SCCLP<\/p>\n<p><strong>NIF<\/strong>: F55567093<\/p>\n<p><strong>Domicilio<\/strong>: \u00a0C\/ Masricart, 6A, baixos, 43.110, La Canonja (Tarragona)<\/p>\n<p><strong>Tel\u00e9fono<\/strong>: 877 450 177<\/p>\n<p><strong>Email<\/strong>: <a href=\"mailto:info@instajuridic.com\">info@instajuridic.com<\/a><u>\u00a0<\/u><\/p>\n<p><strong>Delegado de Protecci\u00f3n de Datos<\/strong>: <a href=\"mailto:dpo@instajuridic.com\">dpo@instajuridic.com<\/a><\/td>\n<\/tr>\n<tr>\n<td style=\"background-color: black; color: white;\" width=\"142\"><strong>\u00a0<\/strong><strong>Finalidades del tratamiento de sus datos personales<\/strong><\/td>\n<td width=\"425\"><strong>\u00a0<\/strong><strong>\u00bfCon qu\u00e9 finalidad tratamos sus datos personales?<\/strong><\/p>\n<p><strong><em>\u00a0<\/em><\/strong>&#8211;\u00a0\u00a0\u00a0\u00a0\u00a0\u00a0\u00a0\u00a0\u00a0 Atender las solicitudes de informaci\u00f3n que el Usuario nos realiza, as\u00ed como cualquier otra petici\u00f3n o consulta con el fin de gestionar y tramitar los servicios solicitados.<\/p>\n<p>&#8211;\u00a0\u00a0\u00a0\u00a0\u00a0\u00a0\u00a0\u00a0\u00a0 Atender las solicitudes de ejercicio de derechos.<\/p>\n<p><strong>\u00bfPor cu\u00e1nto tiempo conservaremos sus datos?<\/strong><strong><em>\u00a0<\/em><\/strong><\/p>\n<p>Conservaremos sus datos mientras mantengamos la relaci\u00f3n que nos une, o no debamos eliminarlos porque sean necesarios para atender cualquier obligaci\u00f3n legal o para la formulaci\u00f3n, ejercicio y defensa de reclamaciones.<\/td>\n<\/tr>\n<tr>\n<td style=\"background-color: black; color: white;\" width=\"142\"><strong>\u00a0<\/strong><strong>Origen<\/strong><\/p>\n<p><strong>\u00a0<\/strong><\/td>\n<td width=\"425\"><strong>\u00a0<\/strong>Los datos personales que nos ha facilitado expresamente a trav\u00e9s de nuestra p\u00e1gina web <a href=\"http:\/\/www.instajuridic.com\">www.instajuridic.com<\/a>, o mediante la contrataci\u00f3n de nuestros servicios.<\/td>\n<\/tr>\n<tr>\n<td style=\"background-color: black; color: white;\" width=\"142\"><strong>\u00a0<\/strong><strong>Bases de legitimaci\u00f3n<\/strong><\/td>\n<td width=\"425\"><strong>\u00a0<\/strong>Las bases legales para el tratamiento de sus datos son la gesti\u00f3n de su solicitud, el desarrollo y ejecuci\u00f3n de las relaciones contractuales y precontractuales establecidas con usted, as\u00ed como el cumplimiento de obligaciones legales que le son de aplicaci\u00f3n a INSTA SERVEIS JUR\u00cdDICS AMBIENTALS, SCCLP.<\/td>\n<\/tr>\n<tr>\n<td style=\"background-color: black; color: white;\" width=\"142\"><strong>\u00a0<\/strong><strong>Destinatarios<\/strong><\/td>\n<td width=\"425\"><strong>\u00a0<\/strong><strong>\u00bfA qu\u00e9 destinatarios se comunicar\u00e1n sus datos?<\/strong><strong>\u00a0<\/strong><\/p>\n<p>Todas las cesiones que realizamos son necesarias para el cumplimiento de las finalidades anteriormente indicadas, o bien las realizamos en cumplimiento de una obligaci\u00f3n legal. Entre otras, a las Administraciones p\u00fablicas y proveedores para la prestaci\u00f3n de los servicios solicitados.<\/td>\n<\/tr>\n<tr>\n<td style=\"background-color: black; color: white;\" width=\"142\"><strong>\u00a0<\/strong><strong>Derechos de Protecci\u00f3n de Datos<\/strong><\/td>\n<td width=\"425\"><strong>\u00a0<\/strong>Puede solicitarnos el ejercicio de sus derechos de protecci\u00f3n de datos por correo electr\u00f3nico: <a href=\"mailto:info@instajuridic.com\">info@instajuridic.com<\/a>; o en nuestra direcci\u00f3n postal, identific\u00e1ndose, en C\/ Masricart, 6A, baixos, 43.110, La Canonja (Tarragona).<\/p>\n<p>Le informamos que puede pedirnos el derecho a acceder a sus datos; a solicitar su rectificaci\u00f3n o supresi\u00f3n; a limitar el tratamiento; a retirar el consentimiento que nos hubiera prestado, as\u00ed como a gestionar la portabilidad de sus datos.<\/p>\n<p>Asimismo, puede presentar una reclamaci\u00f3n ante la Autoridad de Control (ww.aepd.es).<strong>\u00a0<\/strong><\/td>\n<\/tr>\n<\/tbody>\n<\/table>\n<p><strong>REGISTRO DE ACTIVIDADES DE INSTA SERVEIS JUR\u00cdDICS AMBIENTALS, SCCLP<\/strong><strong>\u00a0<\/strong><\/p>\n<p>INSTA SERVEIS JUR\u00cdDICS AMBIENTALS, SCCLP cumple \u00edntegramente con la legislaci\u00f3n vigente en materia de protecci\u00f3n de datos de car\u00e1cter personal, y con los compromisos de confidencialidad propios de su actividad; en concreto, con el Reglamento General (UE) 2016\/679 de Protecci\u00f3n de Datos y la Ley Org\u00e1nica 3\/2018, de 5 de diciembre, de Protecci\u00f3n de Datos Personales y garant\u00eda de los Derechos Digitales.<\/p>\n<p><a href=\"http:\/\/www.instajuridic.com\">www.instajuridic.com<\/a> comunica al Usuario\/a que sus datos ser\u00e1n incorporados a las Actividades de Tratamiento de INSTA SERVEIS JUR\u00cdDICS AMBIENTALS, SCCLP, con NIF F55567093, y domicilio en C\/ Masricart, 6A, baixos, 43.110, La Canonja (Tarragona).<\/p>\n<p><strong>\u00bfDE D\u00d3NDE HEMOS OBTENIDO SUS DATOS?<\/strong><\/p>\n<p>Los datos tratados por INSTA SERVEIS JUR\u00cdDICS AMBIENTALS, SCCLP han sido facilitados de forma voluntaria y expresa por su titular de diferentes medios de comunicaci\u00f3n, que en su caso ser\u00e1n:<\/p>\n<ul>\n<li>A trav\u00e9s del formulario de contacto web.<\/li>\n<li>A trav\u00e9s de nuestro email corporativo.<\/li>\n<li>En relaci\u00f3n con los datos curriculares para participar en alguna candidatura de empleo, en ocasiones podr\u00e1n haber sido aportados por entidades colaboradoras, tales como universidades y escuelas de negocio con las que hemos llegado a acuerdos de colaboraci\u00f3n.<\/li>\n<\/ul>\n<p>No obstante, en caso de que los datos personales aportados sean de un tercero, garantiza que ha informado al titular de esta Pol\u00edtica de Privacidad y ha obtenido su autorizaci\u00f3n para facilitarnos sus datos con las finalidades indicadas. Igualmente, se hace responsable de cualquier da\u00f1o o perjuicio, directo o indirecto, que pudiera ocasionarse como consecuencia del incumplimiento de tal obligaci\u00f3n.<\/p>\n<p><strong>FINALIDADES Y BASES DE LEGITIMACI\u00d3N <\/strong><\/p>\n<p>Desde INSTA SERVEIS JUR\u00cdDICS AMBIENTALS, SCCLP utilizaremos sus datos con las siguientes finalidades:<\/p>\n<ul>\n<li>Prestarle los servicios que nos haya solicitado y atender sus peticiones de informaci\u00f3n, bas\u00e1ndonos en la relaci\u00f3n contractual o precontractual establecida entre las partes.<\/li>\n<li>Atender cualquier solicitud de ejercicio de sus derechos que nos puedas hacer llegar, en cumplimiento de nuestras obligaciones legales.<\/li>\n<li>Para valorar los curr\u00edculums recibidos y gestionar los posibles procesos de selecci\u00f3n presentes y futuros, basado en su consentimiento.<strong>\u00a0<\/strong><\/li>\n<\/ul>\n<p><strong>\u00bfDURANTE CU\u00c1NTO TIEMPO GUARDAMOS SUS DATOS?<\/strong><\/p>\n<p>Mantendremos sus datos \u00fanicamente durante el tiempo que sea necesario para ofrecerle estos servicios, y posteriormente durante el periodo que resulte necesario para poder cubrir eventuales responsabilidades o para la formulaci\u00f3n, ejercicio o defensa de reclamaciones. No obstante, podr\u00e1 solicitar la eliminaci\u00f3n de sus datos, y en caso de resultar aplicables dichos plazos legales de conservaci\u00f3n, se mantendr\u00e1n bloqueados durante el tiempo que la normativa establezca.<\/p>\n<p>Con respecto a sus datos curriculares, los conservaremos durante dos a\u00f1os, computados desde el d\u00eda de su \u00faltima actualizaci\u00f3n, salvo que nos diga lo contrario.<\/p>\n<p><strong>COMUNICACI\u00d3N DE DATOS A TERCEROS<\/strong><\/p>\n<p>INSTA SERVEIS JUR\u00cdDICS AMBIENTALS, SCCLP podr\u00e1 comunicar sus datos a las siguientes entidades, siempre en relaci\u00f3n con las finalidades descritas:<\/p>\n<ul>\n<li>A los \u00f3rganos competentes de las Administraciones P\u00fablicas en cumplimiento de las obligaciones legales que nos sean de aplicaci\u00f3n.<\/li>\n<li>A nuestros proveedores de servicios auxiliares, necesarios para el normal funcionamiento de los servicios contratados (entre otros, proveedores de <em>hosting<\/em>; herramientas de gesti\u00f3n interna; entre otros).<strong>\u00a0<\/strong><\/li>\n<\/ul>\n<p><strong>\u00bfEST\u00c1N SEGUROS MIS DATOS?<\/strong><\/p>\n<p>Desde INSTA SERVEIS JUR\u00cdDICS AMBIENTALS, SCCLP se han adoptado las medidas adecuadas tanto t\u00e9cnicas como f\u00edsicas, as\u00ed como los procesos de gesti\u00f3n para salvaguardar y asegurar la informaci\u00f3n<\/p>\n<p><strong>EJERCICIO DE DERECHOS DE PROTECCI\u00d3N DE DATOS<\/strong><\/p>\n<p>Se pueden ejercer los siguientes derechos:<\/p>\n<ol>\n<li>Acceder a sus datos personales para saber cu\u00e1les est\u00e1n siendo objeto de tratamiento y con qu\u00e9 finalidad.<\/li>\n<li>Rectificar cualquier dato personal inexacto.<\/li>\n<li>Suprimir sus datos personales, cuando \u00e9sto sea posible.<\/li>\n<li>Solicitar la limitaci\u00f3n del tratamiento de sus datos personales cuando la exactitud, la legalidad o la necesidad del tratamiento de los datos resulte dudosa, en cuyo caso, podremos conservar los datos para el ejercicio o la defensa de reclamaciones.<\/li>\n<li>Llevar a cabo la portabilidad de sus datos.<\/li>\n<li>Revocar el consentimiento otorgado.<\/li>\n<\/ol>\n<p>Puede ejercitar sus derechos en cualquier momento y sin coste alguno, indicando qu\u00e9 derecho quiere ejercitar y sus datos para que podamos identificarle, tanto a la direcci\u00f3n electr\u00f3nica <a href=\"mailto:info@instajuridic.com\">info@instajuridic.com<\/a>, como a la direcci\u00f3n postal C\/ Masricart, 6A, baixos, 43.110, La Canonja (Tarragona).<\/p>\n<p><strong>ACTUALIZACI\u00d3N DE NUESTRA POL\u00cdTICA DE PRIVACIDAD<\/strong><\/p>\n<p>INSTA SERVEIS JUR\u00cdDICS AMBIENTALS, SCCLP trabaja por mantener una Pol\u00edtica de Privacidad actualizada. Cualquier cambio que realicemos y que afecte a sus datos, le ser\u00e1 comunicado.<\/p>\n<p>Esta Pol\u00edtica de Privacidad ha sido revisada y publicada a fecha <strong>22 de septiembre de 2023.<\/strong><\/p>\n<\/div><\/div><\/div><\/div><\/div>\n","protected":false},"excerpt":{"rendered":"","protected":false},"author":1,"featured_media":0,"parent":0,"menu_order":0,"comment_status":"closed","ping_status":"open","template":"100-width.php","meta":{"_acf_changed":false,"footnotes":""},"class_list":["post-3505","page","type-page","status-publish","hentry"],"acf":[],"_links":{"self":[{"href":"https:\/\/instajuridic.com\/es\/wp-json\/wp\/v2\/pages\/3505","targetHints":{"allow":["GET"]}}],"collection":[{"href":"https:\/\/instajuridic.com\/es\/wp-json\/wp\/v2\/pages"}],"about":[{"href":"https:\/\/instajuridic.com\/es\/wp-json\/wp\/v2\/types\/page"}],"author":[{"embeddable":true,"href":"https:\/\/instajuridic.com\/es\/wp-json\/wp\/v2\/users\/1"}],"replies":[{"embeddable":true,"href":"https:\/\/instajuridic.com\/es\/wp-json\/wp\/v2\/comments?post=3505"}],"version-history":[{"count":11,"href":"https:\/\/instajuridic.com\/es\/wp-json\/wp\/v2\/pages\/3505\/revisions"}],"predecessor-version":[{"id":8279,"href":"https:\/\/instajuridic.com\/es\/wp-json\/wp\/v2\/pages\/3505\/revisions\/8279"}],"wp:attachment":[{"href":"https:\/\/instajuridic.com\/es\/wp-json\/wp\/v2\/media?parent=3505"}],"curies":[{"name":"wp","href":"https:\/\/api.w.org\/{rel}","templated":true}]}}