{"id":3497,"date":"2021-04-19T10:55:53","date_gmt":"2021-04-19T10:55:53","guid":{"rendered":"https:\/\/instajuridic.com\/politique-de-cookies\/"},"modified":"2023-10-02T12:05:31","modified_gmt":"2023-10-02T12:05:31","slug":"politique-de-cookies","status":"publish","type":"page","link":"https:\/\/instajuridic.com\/fr\/politique-de-cookies\/","title":{"rendered":"Politique de cookies"},"content":{"rendered":"<div class=\"fusion-fullwidth fullwidth-box fusion-builder-row-1 fusion-flex-container nonhundred-percent-fullwidth non-hundred-percent-height-scrolling\" style=\"--awb-border-radius-top-left:0px;--awb-border-radius-top-right:0px;--awb-border-radius-bottom-right:0px;--awb-border-radius-bottom-left:0px;--awb-flex-wrap:wrap;\" ><div class=\"fusion-builder-row fusion-row fusion-flex-align-items-flex-start fusion-flex-content-wrap\" style=\"max-width:1216.8px;margin-left: calc(-4% \/ 2 );margin-right: calc(-4% \/ 2 );\"><div class=\"fusion-layout-column fusion_builder_column fusion-builder-column-0 fusion_builder_column_1_1 1_1 fusion-flex-column\" style=\"--awb-bg-size:cover;--awb-width-large:100%;--awb-margin-top-large:0px;--awb-spacing-right-large:1.92%;--awb-margin-bottom-large:0px;--awb-spacing-left-large:1.92%;--awb-width-medium:100%;--awb-spacing-right-medium:1.92%;--awb-spacing-left-medium:1.92%;--awb-width-small:100%;--awb-spacing-right-small:1.92%;--awb-spacing-left-small:1.92%;\"><div class=\"fusion-column-wrapper fusion-flex-justify-content-flex-start fusion-content-layout-column\"><div class=\"fusion-text fusion-text-1\"><p><strong>INSTA SERVEIS JUR\u00cdDICS AMBIENTALS, SCCLP <\/strong>\u00e9tablira des m\u00e9canismes appropri\u00e9s pour obtenir le consentement de l&rsquo;Utilisateur pour l&rsquo;installation des <em>cookies<\/em> qui le n\u00e9cessitent.<\/p>\n<p>Il peut arriver que certains <em>cookies<\/em> utilis\u00e9s sur ce site web ne soient pas li\u00e9s \u00e0 INSTA SERVEIS JUR\u00cdDICS AMBIENTALS, SCCLP. Cela est d\u00fb au fait que certaines pages du site web ont int\u00e9gr\u00e9 du contenu provenant de sites web de tiers (comme par exemple une vid\u00e9o de YouTube).<\/p>\n<p>\u00c9tant donn\u00e9 que le contenu mentionn\u00e9 provient d&rsquo;un autre site web, INSTA SERVEIS JUR\u00cdDICS AMBIENTALS, SCCLP ne contr\u00f4le pas la configuration de ces <em>cookies<\/em>. Si vous souhaitez modifier vos pr\u00e9f\u00e9rences de configuration des <em>cookies<\/em>, vous devrez consulter les sites web de ces tiers pour obtenir des informations.<\/p>\n<p><strong>QU&rsquo;EST-CE QUE LES <em>COOKIES<\/em>?<\/strong><\/p>\n<p>Les <em>cookies<\/em> sont des fichiers que les sites web ou les applications installent dans le navigateur ou sur l&rsquo;appareil (<em>smartphone<\/em>, <em>tablette<\/em> ou t\u00e9l\u00e9vision connect\u00e9e) de l&rsquo;utilisateur lors de sa navigation sur les pages du site ou de l&rsquo;application, et servent \u00e0 stocker des informations sur sa visite.<\/p>\n<p><strong>TYPES DE<em> COOKIES<\/em><\/strong><\/p>\n<p>Les <em>cookies<\/em>, selon leur dur\u00e9e, peuvent \u00eatre divis\u00e9s en <em>cookies<\/em> de <strong>session<\/strong> ou <strong>permanents<\/strong>. Les premiers expirent lorsque l&rsquo;utilisateur ferme le navigateur. Les seconds expirent lorsque l&rsquo;objectif pour lequel ils servent est atteint (par exemple, pour que l&rsquo;utilisateur reste identifi\u00e9 sur le site web), ou bien lorsqu&rsquo;ils sont supprim\u00e9s manuellement.<\/p>\n<p>De plus, en fonction de leur objectif, les <em>cookies<\/em> peuvent \u00eatre classifi\u00e9s de la mani\u00e8re suivante:<\/p>\n<ul>\n<li><strong>Strictement n\u00e9cessaires (techniques)<\/strong>: Ce sont celles qui sont indispensables au bon fonctionnement de la page. Elles sont normalement g\u00e9n\u00e9r\u00e9es lorsque l&rsquo;utilisateur acc\u00e8de au site web ou se connecte \u00e0 celui-ci et sont utilis\u00e9es pour l&rsquo;identifier sur le site web avec les objectifs suivants:\n<ul>\n<li>Maintenir l&rsquo;utilisateur identifi\u00e9 de telle sorte que, s&rsquo;il quitte le site web, le navigateur ou l&rsquo;appareil et \u00e0 un autre moment revient \u00e0 ce site web, il restera identifi\u00e9, facilitant ainsi sa navigation sans avoir \u00e0 s&rsquo;identifier \u00e0 nouveau.<\/li>\n<li>V\u00e9rifier si l&rsquo;Utilisateur est autoris\u00e9 \u00e0 acc\u00e9der \u00e0 certains services ou zones du site web.<\/li>\n<\/ul>\n<\/li>\n<li><strong>De performance<\/strong>: Elles sont utilis\u00e9es pour am\u00e9liorer l&rsquo;exp\u00e9rience de navigation et optimiser le fonctionnement du site web, par exemple, en stockant les configurations de services, ou en stockant l&rsquo;achat effectu\u00e9 dans un panier d&rsquo;achat.<\/li>\n<li><strong>Publicitaires<\/strong>: Ce sont celles qui recueillent des informations sur les annonces montr\u00e9es aux Utilisateurs du site web. Elles peuvent \u00eatre de deux types :\n<ul>\n<li>Anonymes: Elles ne recueillent que des informations sur les espaces publicitaires montr\u00e9s sur le site web, ind\u00e9pendamment de l&rsquo;Utilisateur qui acc\u00e8de au site web, c&rsquo;est-\u00e0-dire sans l&rsquo;identifier express\u00e9ment.<\/li>\n<li>Personnalis\u00e9es: Elles recueillent des informations personnelles de l&rsquo;Utilisateur du site web de la part d&rsquo;un tiers, pour la personnalisation de ces espaces publicitaires.<\/li>\n<\/ul>\n<\/li>\n<li><strong>De g\u00e9olocalisation<\/strong>: Ces <em>cookies<\/em> sont utilis\u00e9s pour d\u00e9terminer dans quel pays ou r\u00e9gion se trouve l&rsquo;Utilisateur lorsqu&rsquo;il acc\u00e8de \u00e0 un service du site web afin de lui offrir des contenus ou des services adapt\u00e9s \u00e0 sa localisation.<\/li>\n<li><strong>Analytiques<\/strong>: Ils recueillent des informations sur l&rsquo;exp\u00e9rience de navigation de l&rsquo;Utilisateur sur le site web, normalement de mani\u00e8re anonyme, bien qu&rsquo;ils permettent parfois aussi d&rsquo;identifier de mani\u00e8re unique et sans \u00e9quivoque l&rsquo;Utilisateur dans le but d&rsquo;obtenir des rapports sur les int\u00e9r\u00eats des Utilisateurs dans les services que le site web offre.<\/li>\n<\/ul>\n<p><strong>TYPES DE <em>COOKIES<\/em> UTILIS\u00c9S PAR CE SITE WEB<\/strong><\/p>\n<p>Les <em>cookies<\/em> utilis\u00e9s sur notre site web sont de session et de tiers, dans le but d&rsquo;apporter des am\u00e9liorations et de fournir nos services de mani\u00e8re plus efficace et personnalis\u00e9e. INSTA SERVEIS JUR\u00cdDICS AMBIENTALS, SCCLP n&rsquo;utilise pas de <em>cookies<\/em> publicitaires ou de publicit\u00e9 comportementale.<\/p>\n<p>L&rsquo;utilisation des <em>cookies<\/em> offre des avantages dans la prestation de services, car elle facilite la navigation de l&rsquo;utilisateur et l&rsquo;acc\u00e8s aux diff\u00e9rents services offerts par ce site web; elle \u00e9vite \u00e0 l&rsquo;utilisateur de devoir configurer les caract\u00e9ristiques g\u00e9n\u00e9rales pr\u00e9d\u00e9finies \u00e0 chaque fois qu&rsquo;il acc\u00e8de au site web; elle favorise l&rsquo;am\u00e9lioration du fonctionnement et des services fournis par ce site web, suite \u00e0 l&rsquo;analyse correspondante de l&rsquo;information obtenue \u00e0 travers les <em>cookies<\/em> install\u00e9s.<\/p>\n<table border=\"1\" width=\"100%\" cellspacing=\"0\" cellpadding=\"15\">\n<tbody>\n<tr>\n<td colspan=\"3\" width=\"576\">\n<p style=\"text-align: center;\"><a href=\"http:\/\/www.instajuridic.com\"><strong>www.instajuridic.com<\/strong><\/a><\/p>\n<\/td>\n<\/tr>\n<tr>\n<td width=\"192\"><strong>\u00a0<\/strong><strong>NOM DU COOKIE<\/strong><\/td>\n<td width=\"192\"><strong>\u00a0<\/strong><strong>FINALIT\u00c9<\/strong><\/td>\n<td width=\"192\"><strong>\u00a0<\/strong><strong>DUR\u00c9E<\/strong><strong>\u00a0<\/strong><\/td>\n<\/tr>\n<tr>\n<td width=\"192\">CookieLawInfoConsent<\/td>\n<td width=\"192\"><strong>Propre. N\u00e9cessaire<\/strong>. <em>Cookie<\/em> g\u00e9n\u00e9r\u00e9e par le <em>plugin<\/em> GDPR \u00ab\u00a0Cookie Consent\u00a0\u00bb et qui est utilis\u00e9e pour stocker le consentement de l&rsquo;Utilisateur pour les <em>cookies<\/em> dans la cat\u00e9gorie \u00abNon N\u00e9cessaires\u00bb.<\/td>\n<td width=\"192\">1 ann\u00e9e<\/td>\n<\/tr>\n<tr>\n<td width=\"192\">_ga<\/td>\n<td width=\"192\"><strong>Tiers\/Google. <\/strong>Ce <em>cookie<\/em> est install\u00e9 par Google Analytics. Le <em>cookie<\/em> est utilis\u00e9 pour collecter des donn\u00e9es sur les visiteurs, les sessions, les campagnes et pour suivre l&rsquo;utilisation du site pour le rapport analytique. Les cookies stockent les informations de mani\u00e8re anonyme et attribuent un num\u00e9ro g\u00e9n\u00e9r\u00e9 al\u00e9atoirement pour identifier les visiteurs uniques.<\/td>\n<td width=\"192\">2 ans<\/td>\n<\/tr>\n<tr>\n<td width=\"192\">cookielawinfo-checkbox-necessary<\/td>\n<td width=\"192\"><strong>Propre. N\u00e9cessaire.<\/strong> <em>Cookie<\/em> g\u00e9n\u00e9r\u00e9 par le <em>plugin<\/em> GDPR \u00ab\u00a0Cookie Consent\u00a0\u00bb et qui est utilis\u00e9 pour stocker le consentement de l&rsquo;utilisateur pour les <em>cookies<\/em> dans la cat\u00e9gorie \u00abN\u00e9cessaires\u00bb.<\/td>\n<td width=\"192\">1 ann\u00e9e<\/td>\n<\/tr>\n<tr>\n<td width=\"192\">viewed_cookie_policy<\/td>\n<td width=\"192\"><strong>Propre. N\u00e9cessaire. <\/strong><em>Cookie<\/em> g\u00e9n\u00e9r\u00e9 par le <em>plugin<\/em> GDPR \u00ab\u00a0Cookie Consent\u00a0\u00bb et qui stocke l&rsquo;\u00e9tat de consentement des <em>cookies<\/em> de l&rsquo;utilisateur.<\/td>\n<td width=\"192\">1 ann\u00e9e<\/td>\n<\/tr>\n<\/tbody>\n<\/table>\n<p>Mise \u00e0 jour: 22\/09\/2023<\/p>\n<p><strong>COMMENT D\u00c9SACTIVER\/G\u00c9RER LES <em>COOKIES<\/em>?<\/strong><\/p>\n<p>En plus des options de configuration fournies par <a href=\"http:\/\/www.instajuridic.com\">www.instajuridic.com<\/a>, en tant qu&rsquo;utilisateur, vous pouvez acc\u00e9der \u00e0 la configuration de votre navigateur pour accepter ou refuser tous les cookies, ou bien s\u00e9lectionner ceux dont l&rsquo;installation est autoris\u00e9e et ceux qui ne le sont pas, en suivant l&rsquo;une des proc\u00e9dures suivantes, qui d\u00e9pend du navigateur que vous utilisez:<\/p>\n<ul>\n<li><a href=\"https:\/\/support.mozilla.org\/es\/kb\/Borrar%20cookies\">Firefox<\/a><\/li>\n<li><a href=\"https:\/\/support.google.com\/chrome\/answer\/95647?hl=es\">Chrome<\/a><\/li>\n<li><a href=\"https:\/\/support.microsoft.com\/es-es\/microsoft-edge\/eliminar-las-cookies-en-microsoft-edge-63947406-40ac-c3b8-57b9-2a946a29ae09\">Microsoft Edge<\/a><\/li>\n<li><a href=\"https:\/\/support.apple.com\/kb\/ph5042?locale=es_ES\">Safari<\/a><\/li>\n<li><a href=\"https:\/\/help.opera.com\/en\/latest\/web-preferences\/\">Opera<\/a><\/li>\n<\/ul>\n<p>Tous les navigateurs permettent de modifier la configuration des <em>cookies<\/em>. Ces r\u00e9glages se trouvent g\u00e9n\u00e9ralement dans les \u00aboptions\u00bb ou \u00abPr\u00e9f\u00e9rences\u00bb du menu de votre navigateur.<\/p>\n<p>Si vous emp\u00eachez l&rsquo;installation de tous les <em>cookies<\/em> du site web, certaines de ses fonctionnalit\u00e9s, ainsi que certains contenus, peuvent \u00eatre affect\u00e9s.<\/p>\n<p>Pour toute consultation, vous pouvez nous contacter \u00e0 l&rsquo;adresse e-mail suivante: <a href=\"mailto:info@instajuridic.com\">info@instajuridic.com<\/a><\/p>\n<\/div><\/div><\/div><\/div><\/div><div class=\"fusion-fullwidth fullwidth-box fusion-builder-row-2 fusion-flex-container nonhundred-percent-fullwidth non-hundred-percent-height-scrolling\" style=\"--awb-border-radius-top-left:0px;--awb-border-radius-top-right:0px;--awb-border-radius-bottom-right:0px;--awb-border-radius-bottom-left:0px;--awb-flex-wrap:wrap;\" ><div class=\"fusion-builder-row fusion-row fusion-flex-align-items-flex-start fusion-flex-content-wrap\" style=\"max-width:1216.8px;margin-left: calc(-4% \/ 2 );margin-right: calc(-4% \/ 2 );\"><div class=\"fusion-layout-column fusion_builder_column fusion-builder-column-1 fusion_builder_column_1_1 1_1 fusion-flex-column\" style=\"--awb-bg-size:cover;--awb-width-large:100%;--awb-margin-top-large:0px;--awb-spacing-right-large:1.92%;--awb-margin-bottom-large:0px;--awb-spacing-left-large:1.92%;--awb-width-medium:100%;--awb-spacing-right-medium:1.92%;--awb-spacing-left-medium:1.92%;--awb-width-small:100%;--awb-spacing-right-small:1.92%;--awb-spacing-left-small:1.92%;\"><div class=\"fusion-column-wrapper fusion-flex-justify-content-flex-start fusion-content-layout-column\"><div class=\"fusion-text fusion-text-2\"><\/div><\/div><\/div><\/div><\/div><!-- \/wp:post-content -->","protected":false},"excerpt":{"rendered":"","protected":false},"author":1,"featured_media":0,"parent":0,"menu_order":0,"comment_status":"closed","ping_status":"open","template":"100-width.php","meta":{"_acf_changed":false,"footnotes":""},"class_list":["post-3497","page","type-page","status-publish","hentry"],"acf":[],"_links":{"self":[{"href":"https:\/\/instajuridic.com\/fr\/wp-json\/wp\/v2\/pages\/3497","targetHints":{"allow":["GET"]}}],"collection":[{"href":"https:\/\/instajuridic.com\/fr\/wp-json\/wp\/v2\/pages"}],"about":[{"href":"https:\/\/instajuridic.com\/fr\/wp-json\/wp\/v2\/types\/page"}],"author":[{"embeddable":true,"href":"https:\/\/instajuridic.com\/fr\/wp-json\/wp\/v2\/users\/1"}],"replies":[{"embeddable":true,"href":"https:\/\/instajuridic.com\/fr\/wp-json\/wp\/v2\/comments?post=3497"}],"version-history":[{"count":3,"href":"https:\/\/instajuridic.com\/fr\/wp-json\/wp\/v2\/pages\/3497\/revisions"}],"predecessor-version":[{"id":4830,"href":"https:\/\/instajuridic.com\/fr\/wp-json\/wp\/v2\/pages\/3497\/revisions\/4830"}],"wp:attachment":[{"href":"https:\/\/instajuridic.com\/fr\/wp-json\/wp\/v2\/media?parent=3497"}],"curies":[{"name":"wp","href":"https:\/\/api.w.org\/{rel}","templated":true}]}}