{"id":5361,"date":"2024-04-21T15:42:37","date_gmt":"2024-04-21T15:42:37","guid":{"rendered":"https:\/\/instajuridic.com\/aviso-legal\/"},"modified":"2024-04-21T16:08:11","modified_gmt":"2024-04-21T16:08:11","slug":"aviso-legal","status":"publish","type":"page","link":"https:\/\/instajuridic.com\/gl\/aviso-legal\/","title":{"rendered":"Aviso legal"},"content":{"rendered":"<div class=\"fusion-fullwidth fullwidth-box fusion-builder-row-1 fusion-flex-container nonhundred-percent-fullwidth non-hundred-percent-height-scrolling\" style=\"--awb-border-radius-top-left:0px;--awb-border-radius-top-right:0px;--awb-border-radius-bottom-right:0px;--awb-border-radius-bottom-left:0px;--awb-flex-wrap:wrap;\" ><div class=\"fusion-builder-row fusion-row fusion-flex-align-items-flex-start fusion-flex-content-wrap\" style=\"max-width:1216.8px;margin-left: calc(-4% \/ 2 );margin-right: calc(-4% \/ 2 );\"><div class=\"fusion-layout-column fusion_builder_column fusion-builder-column-0 fusion_builder_column_1_1 1_1 fusion-flex-column\" style=\"--awb-bg-size:cover;--awb-width-large:100%;--awb-margin-top-large:0px;--awb-spacing-right-large:1.92%;--awb-margin-bottom-large:0px;--awb-spacing-left-large:1.92%;--awb-width-medium:100%;--awb-spacing-right-medium:1.92%;--awb-spacing-left-medium:1.92%;--awb-width-small:100%;--awb-spacing-right-small:1.92%;--awb-spacing-left-small:1.92%;\"><div class=\"fusion-column-wrapper fusion-flex-justify-content-flex-start fusion-content-layout-column\"><div class=\"fusion-text fusion-text-1\"><p><strong>DATOS IDENTIFICATIVOS<\/strong><\/p>\n<p>En cumprimento da obriga de informaci\u00f3n recollida no artigo 10 do  <strong>A Lei 34\/2002, do 11 de xullo, de Servizos da Sociedade da Informaci\u00f3n e de Comercio Electr\u00f3nico<\/strong> , informa de forma expresa, precisa e inequ\u00edvoca, tanto aos destinatarios do servizo como aos \u00f3rganos competentes, dos seguintes aspectos relativos ao prestador de servizos da sociedade da informaci\u00f3n:<\/p>\n<p>Titular de <a href=\"http:\/\/www.instajuridic.com\"><strong>www.instajuridic.com<\/strong><\/a> : <strong>INSTA SERVEIS JUR\u00cdDICS AMBIENTALS, SCCLP<\/strong> , con NIF F55567093 e enderezo na C\/ Masricart, 6A, baixos, 43.110, La Canonja (Tarragona).<\/p>\n<p><strong>USUARIOS<\/strong><\/p>\n<p><strong> <\/strong>O acceso e\/ou uso de <a href=\"http:\/\/www.instajuridic.com\">www.instajuridic.com<\/a> out\u00f3rgalle a condici\u00f3n de Usuario, que acepta, desde o devandito acceso e\/ou uso, as Condici\u00f3ns Xerais de Uso aqu\u00ed reflectidas. As citadas condici\u00f3ns ser\u00e1n de aplicaci\u00f3n independentemente das Condici\u00f3ns Xerais de Contrataci\u00f3n que, de ser o caso, dean lugar ao obrigado cumprimento.<\/p>\n<p><strong> <\/strong><strong>USO DO PORTAL<\/strong><\/p>\n<p><strong> <\/strong><a href=\"http:\/\/www.instajuridic.com\">www.instajuridic.com<\/a> proporciona o acceso a gran cantidade de informaci\u00f3n, servizos, programas ou datos (en adiante, &#8220;os contidos&#8221;) en Internet pertencentes a INSTA SERVEIS JUR\u00cdDICS AMBIENTALS, SCCLP aos que o Usuario pode acceder. O Usuario asume a responsabilidade do uso do portal. Esta responsabilidade est\u00e9ndese ao rexistro que fose necesario para acceder a determinados servizos ou contidos.<\/p>\n<p>Neste rexistro, o Usuario ser\u00e1 o responsable de facilitar informaci\u00f3n veraz e legal. Como consecuencia deste rexistro, o Usuario poder\u00e1 recibir un contrasinal do que ser\u00e1 responsable, compromet\u00e9ndose a utilizalo de forma dilixente e confidencial. O Usuario comprom\u00e9tese a facer un uso axeitado dos contidos e servizos que INSTA SERVEIS JUR\u00cdDICS AMBIENTALS, SCCLP ofrece a trav\u00e9s da s\u00faa p\u00e1xina web, compromet\u00e9ndose a non utilizalos para actividades que poidan resultar il\u00edcitas, contrarias \u00e1 orde p\u00fablica, \u00e1 defensa nacional ou \u00e1 sa\u00fade p\u00fablica.<\/p>\n<p>En todo caso, INSTA SERVEIS JUR\u00cdDICS AMBIENTALS, SCCLP res\u00e9rvase o dereito a modificar unilateralmente, en calquera momento e sen previo aviso, a estrutura e dese\u00f1o do sitio web: modificar ou eliminar servizos ou contidos, as\u00ed como as condici\u00f3ns de acceso e\/ou uso do sitio web.<\/p>\n<p><strong>DEREITOS DE PROPIEDADE INTELECTUAL E INDUSTRIAL<\/strong><\/p>\n<p>INSTA SERVEIS JUR\u00cdDICS AMBIENTALS, SCCLP, por si mesma ou como cesionaria, \u00e9 titular de todos os dereitos de propiedade intelectual e industrial do seu sitio web, as\u00ed como dos elementos contidos nela (por exemplo, imaxes, son, audio, v\u00eddeo, software ou textos; marcas ou logotipos, combinaci\u00f3ns de cores, estrutura e dese\u00f1o&#8230;); Quedan expresamente prohibidas a s\u00faa reproduci\u00f3n, distribuci\u00f3n e comunicaci\u00f3n p\u00fablica, inclu\u00edda a modalidade de posta a disposici\u00f3n de todo ou parte dos contidos desta p\u00e1xina web, en calquera soporte e por calquera medio t\u00e9cnico, sen a autorizaci\u00f3n de INSTA SERVEIS JUR\u00cdDICS ENVIRONMENTAL, SCCLP.<\/p>\n<p>O Usuario comprom\u00e9tese a respectar os dereitos de Propiedade Intelectual e Industrial titularidade de INSTA SERVEIS JUR\u00cdDICS AMBIENTALS, SCCLP. O Usuario deber\u00e1 absterse de suprimir, alterar, eludir ou manipular calquera dispositivo de protecci\u00f3n ou sistema de seguridade instalado no sitio web.<\/p>\n<p><strong>EXCLUSI\u00d3N DE RESPONSABILIDADE<\/strong><\/p>\n<p>Neste sitio web p\u00f3dense publicar contidos proporcionados por terceiros ou empresas. INSTA SERVEIS J\u00cdR\u00cdDICS AMBIENTALS, SCCLP non se fai responsable da veracidade e exactitude destas, quedando exenta de calquera responsabilidade contractual ou extracontractual cos Usuarios que fagan uso delas.<\/p>\n<p>As\u00ed mesmo, INSTA SERVEIS J\u00cdR\u00cdDICS AMBIENTALS, SCCLP declara que adoptou todas as medidas necesarias, dentro das s\u00faas posibilidades e do estado da tecnolox\u00eda, para garantir o funcionamento do sitio web e evitar a existencia e transmisi\u00f3n de virus e outros compo\u00f1entes lesivos. Non obstante, INSTA SERVEIS J\u00cdRIDICS AMBIENTALS, SCCLP non garante nin se responsabiliza de:<\/p>\n<ol>\n<li>A continuidade, falta de utilidade ou rendemento dos contidos e\/ou servizos do sitio web, as\u00ed como a ausencia de erros, virus e\/ou outros compo\u00f1entes lesivos neles ou no servidor que os subministra;<\/li>\n<li>A invulnerabilidade do sitio web e\/ou as medidas de seguridade adoptadas nel;<\/li>\n<li>Os danos e prexu\u00edzos que poida causar, a si mesmo ou a un terceiro, calquera persoa que incumpra as condici\u00f3ns, normas e instruci\u00f3ns que INSTA SERVEIS J\u00cdR\u00cdDICS AMBIENTALS, SCCLP estableza no sitio web ou mediante a vulneraci\u00f3n dos sistemas de seguridade do sitio web.<\/li>\n<\/ol>\n<p>Se o Usuario tivese co\u00f1ecemento da existencia de contidos il\u00edcitos, il\u00edcitos, contrarios \u00e1s leis ou \u00e1 moral ou que puidesen constitu\u00edr unha infracci\u00f3n dos dereitos de propiedade intelectual e\/ou industrial, ou de calquera outro dereito de terceiros, deber\u00e1 comunicalo inmediatamente a INSTA SERVEIS XUR\u00cdDICS. AMBIENTALS, SCCLP, para que tome as medidas oportunas.<\/p>\n<p><strong>ENLACES<\/strong><strong> <\/strong><\/p>\n<p>No caso de que <a href=\"http:\/\/www.instajuridic.com\">www.instajuridic.com<\/a> dispo\u00f1a de ligaz\u00f3ns ou hiperv\u00ednculos a outros sitios web, INSTA SERVEIS JUR\u00cdDICS AMBIENTALS, SCCLP non exercer\u00e1 ning\u00fan tipo de control sobre estes sitios e contidos. En ning\u00fan caso INSTA SERVEIS J\u00cdR\u00cdDICS AMBIENTALS, SCCLP asumir\u00e1 responsabilidade algunha polo contido de calquera ligaz\u00f3n pertencente a un sitio web alleo, nin garantir\u00e1 a dispo\u00f1ibilidade t\u00e9cnica, calidade, fiabilidade, exactitude, amplitude, veracidade, validez e constitucionalidade de ning\u00fan. material ou informaci\u00f3n contida nalg\u00fan destes hiperv\u00ednculos ou noutros sitios web. As\u00ed mesmo, a inclusi\u00f3n destas conexi\u00f3ns externas non supor\u00e1 ning\u00fan tipo de asociaci\u00f3n, fusi\u00f3n ou participaci\u00f3n coas entidades conectadas.<\/p>\n<p><strong>PROTECCI\u00d3N DA INFORMACI\u00d3N PERSOAL<\/strong><\/p>\n<p>INSTA SERVEIS J\u00cdR\u00cdDICS AMBIENTALS, SCCLP cumpre \u00edntegramente coa lexislaci\u00f3n vixente en materia de protecci\u00f3n de datos de car\u00e1cter persoal, e cos compromisos de confidencialidade propios da s\u00faa actividade; concretamente, co  <strong>Regulamento Xeral (UE) 2016\/679 de Protecci\u00f3n de Datos<\/strong>  e o  <strong>Lei org\u00e1nica 3\/2018, do 5 de decembro, de protecci\u00f3n de datos de car\u00e1cter persoal e garant\u00eda dos dereitos dixitais<\/strong>.<\/p>\n<p>INSTA SERVEIS JUR\u00cdDICS AMBIENTALS, SCCLP informa ao Usuario de que os datos facilitados de forma voluntaria e expresa neste sitio web a trav\u00e9s dos distintos medios de comunicaci\u00f3n ser\u00e1n incorporados \u00e1s Actividades de Tratamento de INSTA SERVEIS JUR\u00cdDICS AMBIENTALS, SCCLP, coa finalidade de poder proporcionar o solicitado. servizos e mantelo informado sobre a actividade da empresa.<\/p>\n<p><a href=\"http:\/\/www.instajuridic.com\">www.instajuridic.com<\/a> adoptou as medidas t\u00e9cnicas necesarias para manter un nivel de seguridade adecuado, co fin de protexer os datos persoais tratados e evitar, na medida do posible, e sempre segundo o estado da t\u00e9cnica, a s\u00faa alteraci\u00f3n, perda, procesamento ou acceso non autorizado.<\/p>\n<p>Podes obter informaci\u00f3n sobre o tratamento de datos persoais que realizamos neste sitio web, a trav\u00e9s da nosa Pol\u00edtica de Privacidade.<\/p>\n<p><strong>POL\u00cdTICA DE COOKIES<\/strong><strong> <\/strong><\/p>\n<p><a href=\"http:\/\/www.instajuridic.com\">www.instajuridic.com<\/a> pode utilizar <em>cookies<\/em> para o bo funcionamento deste sitio web. Podes comprobar como usamos <em>as cookies<\/em> a trav\u00e9s da nosa Pol\u00edtica de cookies.<\/p>\n<p><strong>XERAL<\/strong><strong> <\/strong><\/p>\n<p>INSTA SERVEIS J\u00cdR\u00cdDICS AMBIENTALS, SCCLP perseguir\u00e1 o incumprimento das presentes condici\u00f3ns, as\u00ed como calquera uso indebido do seu portal exercendo todas as acci\u00f3ns civ\u00eds e penais que lle poidan corresponder en dereito. No caso de que INSTA SERVEIS J\u00cdR\u00cdDICS AMBIENTALS, SCCLP non exerza ning\u00fan dereito ou disposici\u00f3n contida neste Aviso Legal, isto non constituir\u00e1 unha renuncia ao mesmo.<\/p>\n<p>Se alg\u00fan punto deste Aviso Legal fose considerado inv\u00e1lido ou inaplicable pola Administraci\u00f3n P\u00fablica ou Administraci\u00f3n de Xustiza, esta nulidade ou inaplicabilidade non afectar\u00e1 ao resto do contido do Aviso Legal.<\/p>\n<p><strong>MODIFICACI\u00d3N DAS PRESENTES CONDICI\u00d3NS E DURACI\u00d3N<\/strong><strong> <\/strong><\/p>\n<p>INSTA SERVEIS J\u00cdR\u00cdDICS AMBIENTALS, SCCLP poder\u00e1 modificar este Aviso Legal en calquera momento mediante a publicaci\u00f3n do seu contido. Polo tanto, o mesmo estar\u00e1 vixente ata que sexa modificado por outro debidamente publicado.<\/p>\n<p>Este Aviso Legal foi revisado e publicado o 22 de setembro de 2023.<\/p>\n<p><strong>XURISDICCI\u00d3N E LEI APLICABLE<\/strong><strong> <\/strong><\/p>\n<p>A relaci\u00f3n entre INSTA SERVEIS JUR\u00cdDICS AMBIENTALS, SCCLP e o USUARIO rexerase pola normativa vixente e calquera controversia someterase aos Xulgados e Tribunais de Tarragona.<\/p>\n<p><strong>CONTACTE CON SERVIZOS XUR\u00cdDICOS AMBIENTAIS INSTA, SCCLP<\/strong><\/p>\n<p>Se ten algunha d\u00fabida sobre as condici\u00f3ns reflectidas neste Aviso Legal, ou se desexa facer algunha suxesti\u00f3n ou recomendaci\u00f3n, p\u00f3\u00f1ase en contacto connosco a trav\u00e9s do correo electr\u00f3nico: <a href=\"mailto:info@instajuridic.com\">info@instajuridic.com<\/a><\/p>\n<p>Tam\u00e9n pode contactar co Delegado de Protecci\u00f3n de Datos de INSTA SERVEIS JU\u00cdR\u00cdDICS AMBIENTALS, SCCLP no correo electr\u00f3nico <a href=\"mailto:dpo@instajuridic.com\">dpo@instajuridic.com<\/a><\/p>\n<\/div><\/div><\/div><\/div><\/div>\n","protected":false},"excerpt":{"rendered":"","protected":false},"author":1,"featured_media":0,"parent":0,"menu_order":0,"comment_status":"closed","ping_status":"open","template":"100-width.php","meta":{"_acf_changed":false,"footnotes":""},"class_list":["post-5361","page","type-page","status-publish","hentry"],"acf":[],"_links":{"self":[{"href":"https:\/\/instajuridic.com\/gl\/wp-json\/wp\/v2\/pages\/5361","targetHints":{"allow":["GET"]}}],"collection":[{"href":"https:\/\/instajuridic.com\/gl\/wp-json\/wp\/v2\/pages"}],"about":[{"href":"https:\/\/instajuridic.com\/gl\/wp-json\/wp\/v2\/types\/page"}],"author":[{"embeddable":true,"href":"https:\/\/instajuridic.com\/gl\/wp-json\/wp\/v2\/users\/1"}],"replies":[{"embeddable":true,"href":"https:\/\/instajuridic.com\/gl\/wp-json\/wp\/v2\/comments?post=5361"}],"version-history":[{"count":1,"href":"https:\/\/instajuridic.com\/gl\/wp-json\/wp\/v2\/pages\/5361\/revisions"}],"predecessor-version":[{"id":5363,"href":"https:\/\/instajuridic.com\/gl\/wp-json\/wp\/v2\/pages\/5361\/revisions\/5363"}],"wp:attachment":[{"href":"https:\/\/instajuridic.com\/gl\/wp-json\/wp\/v2\/media?parent=5361"}],"curies":[{"name":"wp","href":"https:\/\/api.w.org\/{rel}","templated":true}]}}