{"id":5400,"date":"2024-04-21T15:42:41","date_gmt":"2024-04-21T15:42:41","guid":{"rendered":"https:\/\/instajuridic.com\/politica-de-privacidade\/"},"modified":"2026-03-11T10:27:28","modified_gmt":"2026-03-11T10:27:28","slug":"politica-de-privacidade","status":"publish","type":"page","link":"https:\/\/instajuridic.com\/gl\/politica-de-privacidade\/","title":{"rendered":"Pol\u00edtica de Privacidade"},"content":{"rendered":"<div class=\"fusion-fullwidth fullwidth-box fusion-builder-row-1 fusion-flex-container nonhundred-percent-fullwidth non-hundred-percent-height-scrolling\" style=\"--awb-border-radius-top-left:0px;--awb-border-radius-top-right:0px;--awb-border-radius-bottom-right:0px;--awb-border-radius-bottom-left:0px;--awb-flex-wrap:wrap;\" ><div class=\"fusion-builder-row fusion-row fusion-flex-align-items-flex-start fusion-flex-content-wrap\" style=\"max-width:1216.8px;margin-left: calc(-4% \/ 2 );margin-right: calc(-4% \/ 2 );\"><div class=\"fusion-layout-column fusion_builder_column fusion-builder-column-0 fusion_builder_column_1_1 1_1 fusion-flex-column\" style=\"--awb-bg-size:cover;--awb-width-large:100%;--awb-margin-top-large:0px;--awb-spacing-right-large:1.92%;--awb-margin-bottom-large:0px;--awb-spacing-left-large:1.92%;--awb-width-medium:100%;--awb-spacing-right-medium:1.92%;--awb-spacing-left-medium:1.92%;--awb-width-small:100%;--awb-spacing-right-small:1.92%;--awb-spacing-left-small:1.92%;\"><div class=\"fusion-column-wrapper fusion-flex-justify-content-flex-start fusion-content-layout-column\"><div class=\"fusion-text fusion-text-1\"><p><strong>INSTA SERVEIS J\u00cdRIDICS AMBIENTALS, SCCLP<\/strong> comprom\u00e9tese coa protecci\u00f3n e seguridade dos datos persoais.<\/p>\n<p>O obxectivo desta pol\u00edtica \u00e9 informar aos Usuarios sobre os diferentes tratamentos de datos persoais que realiza <strong>INSTA SERVEIS JUR\u00cdDICS AMBIENTALS, SCCLP<\/strong> a trav\u00e9s da p\u00e1xina web <a href=\"http:\/\/www.instajuridic.com\"><strong>www.instajuridic.com<\/strong><\/a> . Todo isto, de conformidade co disposto no <strong>Regulamento Xeral (UE) 2016\/679 de Protecci\u00f3n de Datos, do 27 de abril de 2016<\/strong> e na <strong>Lei Org\u00e1nica 3\/2018, do 5 de decembro, de Protecci\u00f3n de Datos de Car\u00e1cter Persoal e Garant\u00eda dos Dereitos Dixitais.<\/strong> .<\/p>\n<table border=\"1\" width=\"100%\" cellspacing=\"5\" cellpadding=\"15\">\n<tbody>\n<tr>\n<td style=\"background-color: darkgreen; color: white;\" colspan=\"2\" width=\"567\">\n<p style=\"text-align: center;\"><strong>INFORMACI\u00d3N DA POL\u00cdTICA DE PRIVACIDADE<\/strong><\/p>\n<\/td>\n<\/tr>\n<tr>\n<td style=\"background-color: black; color: white;\" width=\"142\"><strong>Responsable do tratamento<\/strong><\/td>\n<td width=\"425\"><strong> <\/strong><strong>Quen \u00e9 o responsable do tratamento dos teus datos?<\/strong><strong><em> <\/em><\/strong><\/p>\n<p><strong>Identidade<\/strong> : INSTA SERVEIS J\u00cdRIDICS AMBIENTALS, SCCLP<\/p>\n<p><strong>NIF<\/strong> : F55567093<\/p>\n<p><strong>Enderezo<\/strong> : C\/ Masricart, 6A, baixos, 43.110, La Canonja (Tarragona)<\/p>\n<p><strong>Tel\u00e9fono<\/strong> : 877 450 177<\/p>\n<p><strong>Correo electr\u00f3nico<\/strong> : <a href=\"mailto:info@instajuridic.com\">info@instajuridic.com<\/a><u> <\/u><\/p>\n<p><strong>Delegado de Protecci\u00f3n de Datos<\/strong> : <a href=\"mailto:dpo@instajuridic.com\">dpo@instajuridic.com<\/a><\/td>\n<\/tr>\n<tr>\n<td style=\"background-color: black; color: white;\" width=\"142\"><strong>Finalidades do tratamento dos seus datos persoais<\/strong><\/td>\n<td width=\"425\"><strong> <\/strong><strong>Con que finalidade tratamos os teus datos persoais?<\/strong><strong><em> <\/em><\/strong><\/p>\n<p>&#8211; Atender as solicitudes de informaci\u00f3n que o Usuario nos realice, as\u00ed como calquera outra solicitude ou consulta para xestionar e tramitar os servizos solicitados.<\/p>\n<p>&#8211; Atender as solicitudes de exercicio de dereitos.<strong> <\/strong><\/p>\n<p><strong>Canto tempo conservaremos os teus datos?<\/strong><strong><em> <\/em><\/strong><\/p>\n<p>Conservaremos os seus datos mentres mante\u00f1amos a relaci\u00f3n que nos une, ou non te\u00f1amos que suprimilos por ser necesario para cumprir algunha obriga legal ou para a formulaci\u00f3n, exercicio e defensa de reclamaci\u00f3ns.<\/td>\n<\/tr>\n<tr>\n<td style=\"background-color: black; color: white;\" width=\"142\"><strong> <\/strong><strong>Orixe<\/strong><strong> <\/strong><\/p>\n<p><strong> <\/strong><\/td>\n<td width=\"425\">Os datos persoais que vostede nos proporcionou expresamente a trav\u00e9s do noso sitio web <a href=\"http:\/\/www.instajuridic.com\">www.instajuridic.com<\/a> , ou ao contratar os nosos servizos.<\/td>\n<\/tr>\n<tr>\n<td style=\"background-color: black; color: white;\" width=\"142\"><strong>Bases de lexitimidade<\/strong><\/td>\n<td width=\"425\"><strong> <\/strong>As bases xur\u00eddicas para o tratamento dos seus datos son a xesti\u00f3n da s\u00faa solicitude, o desenvolvemento e execuci\u00f3n das relaci\u00f3ns contractuais e precontractuais establecidas con vostede, as\u00ed como o cumprimento das obrigas legais que lle corresponden a INSTA SERVEIS JUR\u00cdDICS AMBIENTALS, SCCLP.<\/td>\n<\/tr>\n<tr>\n<td style=\"background-color: black; color: white;\" width=\"142\"><strong>Destinatarios<\/strong><\/td>\n<td width=\"425\"><strong> <\/strong><strong>A que destinatarios se lles comunicar\u00e1n os seus datos?<\/strong><strong> <\/strong><\/p>\n<p>Todas as transferencias que realicemos son necesarias para o cumprimento das finalidades anteriormente indicadas, ou as realizamos en cumprimento dunha obriga legal. Entre outros, \u00e1s Administraci\u00f3ns P\u00fablicas e provedores para a prestaci\u00f3n dos servizos solicitados.<\/td>\n<\/tr>\n<tr>\n<td style=\"background-color: black; color: white;\" width=\"142\"><strong>Dereitos de protecci\u00f3n de datos<\/strong><\/td>\n<td width=\"425\"><strong> <\/strong>Pode solicitar o exercicio dos seus dereitos de protecci\u00f3n de datos por correo electr\u00f3nico: <a href=\"mailto:info@instajuridic.com\">info@instajuridic.com<\/a> ; ou ao noso enderezo postal, identific\u00e1ndose, en C\/ Masricart, 6A, baixos, 43.110, La Canonja (Tarragona).<\/p>\n<p> Inform\u00e1moslle de que pode solicitarnos o dereito de acceso aos seus datos; solicitar a s\u00faa rectificaci\u00f3n ou supresi\u00f3n; limitar o tratamento; retirar o consentimento que nos outorgou, as\u00ed como xestionar a portabilidade dos seus datos.<\/p>\n<p> Tam\u00e9n podes presentar unha reclamaci\u00f3n ante a Autoridade de Control (www.aepd.es).<strong> <\/strong><\/td>\n<\/tr>\n<\/tbody>\n<\/table>\n<p><strong>REXISTRO DE ACTIVIDADES DA INSTA SERVIZOS XUR\u00cdDICOS AMBIENTAIS, SCCLP<\/strong><strong> <\/strong><\/p>\n<p>INSTA SERVEIS J\u00cdR\u00cdDICS AMBIENTALS, SCCLP cumpre \u00edntegramente coa lexislaci\u00f3n vixente en materia de protecci\u00f3n de datos de car\u00e1cter persoal, e cos compromisos de confidencialidade propios da s\u00faa actividade; concretamente, co Regulamento Xeral (UE) 2016\/679 de Protecci\u00f3n de Datos e a Lei Org\u00e1nica 3\/2018, do 5 de decembro, de Protecci\u00f3n de Datos de Car\u00e1cter Persoal e garant\u00eda dos Dereitos Dixitais.<\/p>\n<p><a href=\"http:\/\/www.instajuridic.com\">www.instajuridic.com<\/a> informa ao Usuario de que os seus datos ser\u00e1n incorporados \u00e1s Actividades de Tratamento de INSTA SERVEIS JUR\u00cdDICS AMBIENTALS, SCCLP, con NIF F55567093, e enderezo en C\/ Masricart, 6A, baixos, 43.110, La Canonja (Tarragona).<\/p>\n<p><strong>DE ONDE CONSEGUIMOS OS SEUS DATOS?<\/strong><\/p>\n<p>Os datos tratados por INSTA SERVEIS JUR\u00cdDICS AMBIENTALS, SCCLP foron facilitados voluntaria e expresamente polo titular de distintos medios, que no seu caso ser\u00e1n:<\/p>\n<ul>\n<li>A trav\u00e9s do formulario de contacto web.<\/li>\n<li>A trav\u00e9s do noso correo electr\u00f3nico corporativo.<\/li>\n<li>En relaci\u00f3n aos datos curriculares para participar nunha solicitude de emprego, en ocasi\u00f3ns poden ter sido facilitados por entidades colaboradoras, como universidades e escolas de negocios coas que chegamos a acordos de colaboraci\u00f3n.<\/li>\n<\/ul>\n<p>Non obstante, no caso de que os datos persoais facilitados sexan de terceiros, vostede garante que informou ao titular desta Pol\u00edtica de Privacidade e obtivo a s\u00faa autorizaci\u00f3n para facilitarnos os seus datos para os fins indicados. As\u00ed mesmo, responde de calquera dano ou prexu\u00edzo, directo ou indirecto, que se puidese ocasionar como consecuencia do incumprimento desta obriga.<\/p>\n<p><strong>FINALIDADES E BASES DA LEXITIMACI\u00d3N<\/strong><\/p>\n<p>Desde INSTA SERVEIS J\u00cdRIDICS AMBIENTALS, SCCLP utilizaremos os teus datos para os seguintes fins:<\/p>\n<ul>\n<li>Prestar os servizos que nos solicitou e atender as s\u00faas solicitudes de informaci\u00f3n, en funci\u00f3n da relaci\u00f3n contractual ou precontractual establecida entre as partes.<\/li>\n<li>Atender calquera solicitude de exercicio dos seus dereitos que nos env\u00ede, en cumprimento das nosas obrigas legais.<\/li>\n<li>Avaliar os curr\u00edculos recibidos e xestionar os posibles procesos de selecci\u00f3n presentes e futuros, a partir do seu consentimento.<strong> <\/strong><\/li>\n<\/ul>\n<p><strong>CANTO TEMPO CONSERVAMOS OS SEUS DATOS?<\/strong><\/p>\n<p>Conservaremos os seus datos s\u00f3 durante o tempo que sexa necesario para ofrecerlle estes servizos, e posteriormente durante o per\u00edodo que sexa necesario para poder cubrir eventuales responsabilidades ou para a formulaci\u00f3n, exercicio ou defensa de reclamaci\u00f3ns. Non obstante, pode solicitar a supresi\u00f3n dos seus datos, e se son de aplicaci\u00f3n estes prazos legais de conservaci\u00f3n, permanecer\u00e1n bloqueados durante o tempo que regulamentariamente estableza.<\/p>\n<p>En canto aos datos do teu curr\u00edculo, conservar\u00e9molos durante dous anos, calculados desde o d\u00eda da s\u00faa \u00faltima actualizaci\u00f3n, salvo que nos indiques o contrario.<\/p>\n<p><strong>COMUNICACI\u00d3N DE DATOS A TERCEROS<\/strong><\/p>\n<p>INSTA SERVEIS J\u00cdR\u00cdDICS AMBIENTALS, SCCLP poder\u00e1 comunicar os seus datos \u00e1s seguintes entidades, sempre en relaci\u00f3n coas finalidades descritas:<\/p>\n<ul>\n<li>Aos \u00f3rganos competentes das Administraci\u00f3ns P\u00fablicas en cumprimento das obrigas legais que nos correspondan.<\/li>\n<li>Aos nosos provedores de servizos auxiliares, necesarios para o normal funcionamento dos servizos contratados (entre outros, <em>aloxamento<\/em> ; ferramentas de xesti\u00f3n interna; entre outros).<\/li>\n<\/ul>\n<p><strong>EST\u00c1N SEGUROS OS MEUS DATOS?<\/strong><\/p>\n<p>INSTA SERVEIS J\u00cdR\u00cdDICS AMBIENTALS, SCCLP adoptaron as medidas t\u00e9cnicas e f\u00edsicas oportunas, as\u00ed como os procesos de xesti\u00f3n para salvagardar e protexer a informaci\u00f3n.<\/p>\n<p><strong>EXERCICIO DOS DEREITOS DE PROTECCI\u00d3N DE DATOS<\/strong><\/p>\n<p>Poderanse exercer os seguintes dereitos:<\/p>\n<ol>\n<li>Accede aos teus datos persoais para saber cales se est\u00e1n tratando e con que finalidade.<\/li>\n<li>Corrixir calquera dato persoal inexacto.<\/li>\n<li>Elimina os teus datos persoais, cando sexa posible.<\/li>\n<li>Solicitar a limitaci\u00f3n do tratamento dos seus datos persoais cando a exactitude, legalidade ou necesidade do tratamento dos datos sexa dubidante, neste caso, poderemos conservar os datos para o exercicio ou a defensa de reclamaci\u00f3ns.<\/li>\n<li>Realiza a portabilidade dos teus datos.<\/li>\n<li>Revogar o consentimento outorgado.<\/li>\n<\/ol>\n<p>Podes exercer os teus dereitos en calquera momento e sen custo, indicando que dereito queres exercer e os teus datos para que poidamos identificarte, tanto no enderezo de correo electr\u00f3nico <a href=\"mailto:info@instajuridic.com\">info@instajuridic.com<\/a> como no enderezo postal C\/ Masricart, 6A. , baixo, 43.110, La Canonja (Tarragona).<\/p>\n<p><strong>ACTUALIZACI\u00d3N DA NOSA POL\u00cdTICA DE PRIVACIDADE<\/strong><\/p>\n<p>INSTA ENVIRONMENTAL LEGAL SERVICES, SCCLP traballa para manter unha Pol\u00edtica de Privacidade actualizada. Calquera cambio que realicemos que afecte aos teus datos ser\u00e1lle comunicado.<\/p>\n<p>Esta Pol\u00edtica de privacidade foi revisada e publicada o 22 de setembro de 2023.<\/p>\n<\/div><\/div><\/div><\/div><\/div>\n","protected":false},"excerpt":{"rendered":"","protected":false},"author":1,"featured_media":0,"parent":0,"menu_order":0,"comment_status":"closed","ping_status":"open","template":"100-width.php","meta":{"_acf_changed":false,"footnotes":""},"class_list":["post-5400","page","type-page","status-publish","hentry"],"acf":[],"_links":{"self":[{"href":"https:\/\/instajuridic.com\/gl\/wp-json\/wp\/v2\/pages\/5400","targetHints":{"allow":["GET"]}}],"collection":[{"href":"https:\/\/instajuridic.com\/gl\/wp-json\/wp\/v2\/pages"}],"about":[{"href":"https:\/\/instajuridic.com\/gl\/wp-json\/wp\/v2\/types\/page"}],"author":[{"embeddable":true,"href":"https:\/\/instajuridic.com\/gl\/wp-json\/wp\/v2\/users\/1"}],"replies":[{"embeddable":true,"href":"https:\/\/instajuridic.com\/gl\/wp-json\/wp\/v2\/comments?post=5400"}],"version-history":[{"count":6,"href":"https:\/\/instajuridic.com\/gl\/wp-json\/wp\/v2\/pages\/5400\/revisions"}],"predecessor-version":[{"id":8278,"href":"https:\/\/instajuridic.com\/gl\/wp-json\/wp\/v2\/pages\/5400\/revisions\/8278"}],"wp:attachment":[{"href":"https:\/\/instajuridic.com\/gl\/wp-json\/wp\/v2\/media?parent=5400"}],"curies":[{"name":"wp","href":"https:\/\/api.w.org\/{rel}","templated":true}]}}