{"id":5433,"date":"2024-04-21T15:42:43","date_gmt":"2024-04-21T15:42:43","guid":{"rendered":"https:\/\/instajuridic.com\/politica-de-cookies\/"},"modified":"2024-04-21T16:09:43","modified_gmt":"2024-04-21T16:09:43","slug":"politica-de-cookies","status":"publish","type":"page","link":"https:\/\/instajuridic.com\/gl\/politica-de-cookies\/","title":{"rendered":"Pol\u00edtica de cookies"},"content":{"rendered":"<div class=\"fusion-fullwidth fullwidth-box fusion-builder-row-1 fusion-flex-container nonhundred-percent-fullwidth non-hundred-percent-height-scrolling\" style=\"--awb-border-radius-top-left:0px;--awb-border-radius-top-right:0px;--awb-border-radius-bottom-right:0px;--awb-border-radius-bottom-left:0px;--awb-flex-wrap:wrap;\" ><div class=\"fusion-builder-row fusion-row fusion-flex-align-items-flex-start fusion-flex-content-wrap\" style=\"max-width:1216.8px;margin-left: calc(-4% \/ 2 );margin-right: calc(-4% \/ 2 );\"><div class=\"fusion-layout-column fusion_builder_column fusion-builder-column-0 fusion_builder_column_1_1 1_1 fusion-flex-column\" style=\"--awb-bg-size:cover;--awb-width-large:100%;--awb-margin-top-large:0px;--awb-spacing-right-large:1.92%;--awb-margin-bottom-large:0px;--awb-spacing-left-large:1.92%;--awb-width-medium:100%;--awb-spacing-right-medium:1.92%;--awb-spacing-left-medium:1.92%;--awb-width-small:100%;--awb-spacing-right-small:1.92%;--awb-spacing-left-small:1.92%;\"><div class=\"fusion-column-wrapper fusion-flex-justify-content-flex-start fusion-content-layout-column\"><div class=\"fusion-text fusion-text-1\"><p><strong>INSTA SERVEIS J\u00cdR\u00cdDICS AMBIENTALS, SCCLP<\/strong> establecer\u00e1 os mecanismos axeitados para obter o consentimento do Usuario para a instalaci\u00f3n de <em>cookies<\/em> que o requiran.<\/p>\n<p>Pode ocorrer que algunhas <em>cookies<\/em> utilizadas neste sitio web non estean relacionadas con INSTA SERVEIS JUR\u00cdDICS AMBIENTALS, SCCLP. Isto d\u00e9bese a que algunhas p\u00e1xinas do sitio web te\u00f1en contido incorporado de sitios web de terceiros (como un v\u00eddeo de YouTube).<\/p>\n<p>Dado que o devandito contido procede doutra p\u00e1xina web, INSTA SERVEIS J\u00cdR\u00cdDICS AMBIENTALS, SCCLP non controla a configuraci\u00f3n destas <em>cookies<\/em> . Se queres cambiar as t\u00faas preferencias de configuraci\u00f3n <em>de cookies<\/em> , ter\u00e1s que consultar os sitios web destes terceiros para obter informaci\u00f3n.<\/p>\n<p><strong>QUE SON <em>AS COOKIES<\/em> ?<\/strong><\/p>\n<p><em>As cookies<\/em> son ficheiros que sitios web ou aplicaci\u00f3ns instalan no navegador ou dispositivo do usuario (tel\u00e9fono intelixente, tableta ou televisi\u00f3n conectada) durante o seu percorrido polas p\u00e1xinas do sitio ou a trav\u00e9s da aplicaci\u00f3n, e serven para almacenar informaci\u00f3n sobre a s\u00faa visita.<\/p>\n<p><strong>TIPOS DE <em>COOKIES<\/em><\/strong><\/p>\n<p><em>As cookies<\/em> , segundo a s\u00faa permanencia, p\u00f3dense dividir en <em>cookies<\/em> <strong>de sesi\u00f3n<\/strong> ou <strong>permanentes<\/strong> . Os primeiros caducan cando o usuario pecha o navegador. Estes \u00faltimos caducan cando se cumpre a finalidade para a que serven (por exemplo, que o usuario permaneza identificado no sitio web), ou cando se borran manualmente.<\/p>\n<p>Ademais, segundo a s\u00faa finalidade, as cookies p\u00f3dense clasificar do seguinte xeito:<\/p>\n<ul>\n<li><strong>Estritamente necesarios (t\u00e9cnicos)<\/strong> : son imprescindibles para o bo funcionamento da p\u00e1xina. Normalmente x\u00e9ranse cando o usuario accede ou inicia sesi\u00f3n no sitio web e util\u00edzanse para identificar ao usuario no sitio web para os seguintes fins:\n<ul>\n<li>Manter identificado ao Usuario para que, se abandona o sitio web, o navegador ou o dispositivo e noutro momento volve ao devandito sitio web, permanecer\u00e1 identificado, facilitando as\u00ed a s\u00faa navegaci\u00f3n sen necesidade de volver identificarse.<\/li>\n<li>Comproba se o Usuario est\u00e1 autorizado para acceder a determinados servizos ou \u00e1reas do sitio web.<\/li>\n<\/ul>\n<\/li>\n<li><strong>Rendemento<\/strong> : util\u00edzanse para mellorar a experiencia de navegaci\u00f3n e optimizar o funcionamento do sitio web, como, por exemplo, almacenar configuraci\u00f3ns de servizos, ou gardar a compra realizada nun carro da compra.<\/li>\n<li><strong>Anunciantes<\/strong> : Son aqueles que recollen informaci\u00f3n sobre os anuncios que se mostran aos Usuarios do sitio web. Poden ser de dous tipos:\n<ul>\n<li>An\u00f3nimos: S\u00f3 recollen informaci\u00f3n sobre os espazos publicitarios mostrados no sitio web, independentemente do Usuario que acceda ao sitio web, \u00e9 dicir, sen identificalos expresamente.<\/li>\n<li>Personalizado: Recoller informaci\u00f3n persoal do Usuario do sitio web por parte dun terceiro, para a personalizaci\u00f3n destes espazos publicitarios.<\/li>\n<\/ul>\n<\/li>\n<li><strong>Xeolocalizaci\u00f3n<\/strong> : Estas <em>cookies<\/em> util\u00edzanse para co\u00f1ecer en que pa\u00eds ou rexi\u00f3n se atopa o Usuario ao acceder a un servizo do sitio web co fin de ofrecerlle contidos ou servizos axeitados \u00e1 s\u00faa localizaci\u00f3n.<\/li>\n<li><strong>Anal\u00edticas<\/strong> : Recoller informaci\u00f3n sobre a experiencia de navegaci\u00f3n do Usuario no sitio web, xeralmente de forma an\u00f3nima, a\u00ednda que en ocasi\u00f3ns tam\u00e9n permiten identificar de forma \u00fanica e inequ\u00edvoca ao Usuario para obter informes sobre os intereses dos Usuarios nos servizos que ofrece o sitio web.<\/li>\n<\/ul>\n<p><strong>TIPOS DE COOKIES UTILIZADAS POR ESTE SITIO WEB<\/strong><\/p>\n<p>As <em>cookies<\/em> utilizadas na nosa web son cookies de sesi\u00f3n e de terceiros, co obxectivo de introducir melloras e ofrecer os nosos servizos dun xeito m\u00e1is eficiente e personalizado. INSTA SERVEIS J\u00cdR\u00cdDICS AMBIENTALS, SCCLP non utiliza <em>cookies<\/em> publicitarias nin de publicidade comportamental.<\/p>\n<p>O uso de <em>cookies<\/em>  ofrece vantaxes na prestaci\u00f3n de servizos, xa que facilita a navegaci\u00f3n do usuario e o acceso aos diferentes servizos que ofrece este sitio web; evita que o Usuario te\u00f1a que configurar as caracter\u00edsticas xerais predefinidas cada vez que acceda ao sitio web; promove a mellora do funcionamento e dos servizos prestados a trav\u00e9s deste sitio web, logo da correspondente an\u00e1lise da informaci\u00f3n obtida a trav\u00e9s do  <em>cookies<\/em> instaladas.<\/p>\n<table border=\"1\" width=\"100%\" cellspacing=\"0\" cellpadding=\"15\">\n<tbody>\n<tr>\n<td colspan=\"3\" width=\"576\">\n<p style=\"text-align: center;\"><a href=\"http:\/\/www.instajuridic.com\"><strong>www.instajuridic.com<\/strong><\/a><\/p>\n<\/td>\n<\/tr>\n<tr>\n<td width=\"192\">\n<p><strong> <\/strong><strong>NOME DA COOKIE<\/strong><\/p>\n<\/td>\n<td width=\"192\">\n<p><strong> <\/strong><strong>FINALIDADE<\/strong><\/p>\n<\/td>\n<td width=\"192\">\n<p><strong> <\/strong><strong>DURACI\u00d3N<\/strong><strong> <\/strong><\/p>\n<\/td>\n<\/tr>\n<tr>\n<td width=\"192\">\n<p>CookieLawInfoConsent<\/p>\n<\/td>\n<td width=\"192\">\n<p><strong>propio necesario  <\/strong><em>Cookie<\/em> xerada polo <em>complemento<\/em> &#8220;Cookie Consent&#8221; do GDPR e utilizada para almacenar o consentimento do Usuario para <em>as cookies<\/em> na categor\u00eda &#8220;Non necesario&#8221;.<\/p>\n<\/td>\n<td width=\"192\">\n<p>1 ano<\/p>\n<\/td>\n<\/tr>\n<tr>\n<td width=\"192\">\n<p>_ga<\/p>\n<\/td>\n<td width=\"192\">\n<p><strong>Terceiros\/Google.<\/strong> Esta <em>cookie<\/em> \u00e9 instalada por Google Analytics. Util\u00edzase para recoller datos de visitantes, sesi\u00f3ns, campa\u00f1as e rastrexar o uso do sitio para os informes de an\u00e1lise. <em>As cookies<\/em> almacenan informaci\u00f3n de forma an\u00f3nima e asignan un n\u00famero xerado aleatoriamente para identificar visitantes \u00fanicos.<\/p>\n<\/td>\n<td width=\"192\">\n<p>2 anos<\/p>\n<\/td>\n<\/tr>\n<tr>\n<td width=\"192\">\n<p>cookielawinfo-checkbox-necessary<\/p>\n<\/td>\n<td width=\"192\">\n<p><strong>propio necesario  <\/strong><em>Cookie<\/em> xerada polo <em>complemento<\/em> &#8220;Cookie Consent&#8221; do GDPR e utilizada para almacenar o consentimento do Usuario para <em>as cookies<\/em> na categor\u00eda &#8220;Necesarias&#8221;.<\/p>\n<\/td>\n<td width=\"192\">\n<p>1 ano<\/p>\n<\/td>\n<\/tr>\n<tr>\n<td width=\"192\">\n<p>pol\u00edtica_de_cookies vista<\/p>\n<\/td>\n<td width=\"192\">\n<p><strong>propio necesario  <\/strong><em>Cookie<\/em> xerada polo <em>complemento<\/em> &#8220;Cookie Consent&#8221; do GDPR e que almacena o estado de consentimento <em>da cookie<\/em> do Usuario.<\/p>\n<\/td>\n<td width=\"192\">\n<p>1 ano<\/p>\n<\/td>\n<\/tr>\n<\/tbody>\n<\/table>\n<p>Actualizaci\u00f3n: 22\/09\/2023<\/p>\n<p><strong>COMO DESACTIVAR\/XESTIONAR AS COOKIES?<\/strong><\/p>\n<p>Ademais das opci\u00f3ns de configuraci\u00f3n proporcionadas por  <a href=\"http:\/\/www.instajuridic.com\">www.instajuridic.com<\/a> , como Usuario pode acceder \u00e1 configuraci\u00f3n do seu navegador aceptando ou rexeitando todos  <em>cookies<\/em> , ou selecciona aquelas cuxa instalaci\u00f3n \u00e9 compatible e que non; seguindo un dos seguintes procedementos, dependendo do navegador que estea a utilizar:<\/p>\n<ul>\n<li><a href=\"https:\/\/support.mozilla.org\/es\/kb\/Borrar%20cookies\">firefox<\/a><\/li>\n<li><a href=\"https:\/\/support.google.com\/chrome\/answer\/95647?hl=es\">Chrome<\/a><\/li>\n<li><a href=\"https:\/\/support.microsoft.com\/es-es\/microsoft-edge\/eliminar-las-cookies-en-microsoft-edge-63947406-40ac-c3b8-57b9-2a946a29ae09\">Microsoft Edge<\/a><\/li>\n<li><a href=\"https:\/\/support.apple.com\/kb\/ph5042?locale=es_ES\">Safari<\/a>  <\/li>\n<li><a href=\"https:\/\/help.opera.com\/en\/latest\/web-preferences\/\">\u00d3pera<\/a><\/li>\n<\/ul>\n<p>Todos os navegadores perm\u00edtenche cambiar a configuraci\u00f3n das <em>cookies<\/em> . Estas opci\u00f3ns at\u00f3panse normalmente no men\u00fa &#8220;Opci\u00f3ns&#8221; ou &#8220;Preferencias&#8221; do navegador.<\/p>\n<p>Se impide a instalaci\u00f3n de todas <em>as cookies<\/em> no sitio web, algunhas das s\u00faas funcionalidades, as\u00ed como alg\u00fans contidos, poden verse afectados.<\/p>\n<p>Para calquera consulta podes contactar connosco no seguinte enderezo de correo electr\u00f3nico: <a href=\"mailto:info@instajuridic.com\">info@instajuridic.com<\/a><\/p>\n<\/div><\/div><\/div><\/div><\/div>\n","protected":false},"excerpt":{"rendered":"","protected":false},"author":1,"featured_media":0,"parent":0,"menu_order":0,"comment_status":"closed","ping_status":"open","template":"100-width.php","meta":{"_acf_changed":false,"footnotes":""},"class_list":["post-5433","page","type-page","status-publish","hentry"],"acf":[],"_links":{"self":[{"href":"https:\/\/instajuridic.com\/gl\/wp-json\/wp\/v2\/pages\/5433","targetHints":{"allow":["GET"]}}],"collection":[{"href":"https:\/\/instajuridic.com\/gl\/wp-json\/wp\/v2\/pages"}],"about":[{"href":"https:\/\/instajuridic.com\/gl\/wp-json\/wp\/v2\/types\/page"}],"author":[{"embeddable":true,"href":"https:\/\/instajuridic.com\/gl\/wp-json\/wp\/v2\/users\/1"}],"replies":[{"embeddable":true,"href":"https:\/\/instajuridic.com\/gl\/wp-json\/wp\/v2\/comments?post=5433"}],"version-history":[{"count":1,"href":"https:\/\/instajuridic.com\/gl\/wp-json\/wp\/v2\/pages\/5433\/revisions"}],"predecessor-version":[{"id":5438,"href":"https:\/\/instajuridic.com\/gl\/wp-json\/wp\/v2\/pages\/5433\/revisions\/5438"}],"wp:attachment":[{"href":"https:\/\/instajuridic.com\/gl\/wp-json\/wp\/v2\/media?parent=5433"}],"curies":[{"name":"wp","href":"https:\/\/api.w.org\/{rel}","templated":true}]}}